{"id":1763,"date":"2024-09-23T11:49:48","date_gmt":"2024-09-23T11:49:48","guid":{"rendered":"https:\/\/www.alentejovititours.pt\/sustainability-and-social-impact\/"},"modified":"2024-09-25T09:27:37","modified_gmt":"2024-09-25T09:27:37","slug":"sustentabilidade-e-impacto-social","status":"publish","type":"page","link":"https:\/\/www.alentejovititours.pt\/pt-pt\/sustentabilidade-e-impacto-social\/","title":{"rendered":"Sustentabilidade e Impacto Social"},"content":{"rendered":"\t\t<div data-elementor-type=\"wp-page\" data-elementor-id=\"1763\" class=\"elementor elementor-1763 elementor-1283\">\n\t\t\t\t<div class=\"elementor-element elementor-element-db71d89 e-con-full e-flex e-con e-parent\" data-id=\"db71d89\" data-element_type=\"container\" data-settings=\"{&quot;background_background&quot;:&quot;classic&quot;,&quot;jet_parallax_layout_list&quot;:[]}\">\n\t\t<div class=\"elementor-element elementor-element-06130f5 e-con-full e-flex e-con e-child\" data-id=\"06130f5\" data-element_type=\"container\" data-settings=\"{&quot;jet_parallax_layout_list&quot;:[]}\">\n\t\t<div class=\"elementor-element elementor-element-2c997de e-con-full e-flex e-con e-child\" data-id=\"2c997de\" data-element_type=\"container\" data-settings=\"{&quot;jet_parallax_layout_list&quot;:[]}\">\n\t\t\t\t<div class=\"elementor-element elementor-element-9088af7 elementor-widget elementor-widget-heading\" data-id=\"9088af7\" data-element_type=\"widget\" data-widget_type=\"heading.default\">\n\t\t\t\t<div class=\"elementor-widget-container\">\n\t\t\t<h1 class=\"elementor-heading-title elementor-size-default\">Sustentabilidade e Impacto Social<\/h1>\t\t<\/div>\n\t\t\t\t<\/div>\n\t\t\t\t<\/div>\n\t\t<div class=\"elementor-element elementor-element-7dcffb8 e-con-full e-flex e-con e-child\" data-id=\"7dcffb8\" data-element_type=\"container\" data-settings=\"{&quot;jet_parallax_layout_list&quot;:[]}\">\n\t\t\t\t<div class=\"elementor-element elementor-element-c071f05 elementor-widget elementor-widget-button\" data-id=\"c071f05\" data-element_type=\"widget\" data-widget_type=\"button.default\">\n\t\t\t\t<div class=\"elementor-widget-container\">\n\t\t\t\t\t\t\t<div class=\"elementor-button-wrapper\">\n\t\t\t\t\t<a class=\"elementor-button elementor-button-link elementor-size-sm\" href=\"#explore\">\n\t\t\t\t\t\t<span class=\"elementor-button-content-wrapper\">\n\t\t\t\t\t\t<span class=\"elementor-button-icon\">\n\t\t\t\t<svg xmlns=\"http:\/\/www.w3.org\/2000\/svg\" width=\"14\" height=\"15\" viewBox=\"0 0 14 15\"><path d=\"M6.28125 13.7188L1.28125 8.71875C0.875 8.34375 0.875 7.6875 1.28125 7.3125C1.65625 6.90625 2.3125 6.90625 2.6875 7.3125L6 10.5938V1C6 0.46875 6.4375 0 7 0C7.53125 0 8 0.46875 8 1V10.5938L11.2812 7.3125C11.6562 6.90625 12.3125 6.90625 12.6875 7.3125C13.0938 7.6875 13.0938 8.34375 12.6875 8.71875L7.6875 13.7188C7.3125 14.125 6.65625 14.125 6.28125 13.7188Z\"><\/path><\/svg>\t\t\t<\/span>\n\t\t\t\t\t\t\t\t\t<span class=\"elementor-button-text\">Explorar<\/span>\n\t\t\t\t\t<\/span>\n\t\t\t\t\t<\/a>\n\t\t\t\t<\/div>\n\t\t\t\t\t\t<\/div>\n\t\t\t\t<\/div>\n\t\t\t\t<\/div>\n\t\t\t\t<\/div>\n\t\t\t\t<\/div>\n\t\t<div class=\"elementor-element elementor-element-de5f1e6 e-flex e-con-boxed e-con e-parent\" data-id=\"de5f1e6\" data-element_type=\"container\" data-settings=\"{&quot;jet_parallax_layout_list&quot;:[]}\">\n\t\t\t\t\t<div class=\"e-con-inner\">\n\t\t\t\t<div class=\"elementor-element elementor-element-aaf3f59 elementor-widget elementor-widget-text-editor\" data-id=\"aaf3f59\" data-element_type=\"widget\" data-widget_type=\"text-editor.default\">\n\t\t\t\t<div class=\"elementor-widget-container\">\n\t\t\t\t\t\t\t<h2><span style=\"color: inherit; font-size: 18px; font-weight: bold; text-align: var(--text-align);\">Contribui\u00e7\u00e3o para a Economia Local<\/span><\/h2><p>Queremos ser um ator positivo na economia local, gerando empregos e promovendo o turismo respons\u00e1vel. Ao atrair turistas para a regi\u00e3o do Alentejo, acreditamos que podemos contribuir para o crescimento sustent\u00e1vel das comunidades locais.<\/p>\t\t\t\t\t\t<\/div>\n\t\t\t\t<\/div>\n\t\t\t\t<div class=\"elementor-element elementor-element-ea05ed7 elementor-widget elementor-widget-text-editor\" data-id=\"ea05ed7\" data-element_type=\"widget\" data-widget_type=\"text-editor.default\">\n\t\t\t\t<div class=\"elementor-widget-container\">\n\t\t\t\t\t\t\t<h2><span style=\"color: inherit; font-size: 18px; font-weight: bold; text-align: var(--text-align);\">Parcerias Sustent\u00e1veis<\/span><\/h2><p>Buscamos estabelecer parcerias sustent\u00e1veis e de longo prazo com as adegas e outros parceiros locais. Queremos contribuir para o sucesso econ\u00f3mico desses neg\u00f3cios, ao mesmo tempo em que oferecemos experi\u00eancias aut\u00eanticas e valiosas aos nossos clientes.<\/p>\t\t\t\t\t\t<\/div>\n\t\t\t\t<\/div>\n\t\t\t\t<div class=\"elementor-element elementor-element-b1301d5 elementor-widget elementor-widget-text-editor\" data-id=\"b1301d5\" data-element_type=\"widget\" data-widget_type=\"text-editor.default\">\n\t\t\t\t<div class=\"elementor-widget-container\">\n\t\t\t\t\t\t\t<h2><span style=\"color: inherit; font-size: 18px; font-weight: bold; text-align: var(--text-align);\">Compromisso com a Sustentabilidade<\/span><\/h2><p>Na Alentejo Viti Tours, entendemos que a preserva\u00e7\u00e3o do nosso ambiente \u00e9 fundamental para garantir um futuro e como empresa dedicada ao turismo, sabemos que temos a responsabilidade de agir de forma a minimizar o impacto ambiental das nossas opera\u00e7\u00f5es.<\/p><p>Incentivamos a partilha de transporte entre os nossos clientes, uma alternativa n\u00e3o s\u00f3 eficiente, mas tamb\u00e9m uma excelente pr\u00e1tica ambiental. Esta abordagem reduz o n\u00famero de ve\u00edculos em circula\u00e7\u00e3o, diminuindo as emiss\u00f5es de carbono e promovendo um turismo mais eco-friendly.<\/p><p>Acreditamos que o turismo pode e deve coexistir com a prote\u00e7\u00e3o da nossa rica biodiversidade e paisagens naturais, permitindo que todos desfrutem do esplendor do Alentejo sem comprometer o futuro do nosso planeta. Estamos determinados a seguir este caminho sustent\u00e1vel, alinhando as nossas opera\u00e7\u00f5es \u00e0s melhores pr\u00e1ticas ambientais e contribuindo para uma maior conscientiza\u00e7\u00e3o ecol\u00f3gica entre os nossos clientes.<\/p>\t\t\t\t\t\t<\/div>\n\t\t\t\t<\/div>\n\t\t\t\t<div class=\"elementor-element elementor-element-7b664dd elementor-widget elementor-widget-text-editor\" data-id=\"7b664dd\" data-element_type=\"widget\" data-widget_type=\"text-editor.default\">\n\t\t\t\t<div class=\"elementor-widget-container\">\n\t\t\t\t\t\t\t<h2><span style=\"color: inherit; font-size: 18px; font-weight: bold; text-align: var(--text-align);\">Impacto Social<\/span><\/h2><p>Na Alentejo Viti Tours, acreditamos que o sucesso empresarial deve andar de m\u00e3os dadas com a responsabilidade social. Estamos comprometidos em gerar um impacto social positivo, apoiando causas que promovem o bem-estar das comunidades e a preserva\u00e7\u00e3o do meio ambiente. <\/p><p>Valorizamos a diversidade e a inclus\u00e3o no nosso ambiente de trabalho. Acreditamos que uma equipa diversificada \u00e9 essencial para a inova\u00e7\u00e3o e o crescimento sustent\u00e1vel.<\/p>\t\t\t\t\t\t<\/div>\n\t\t\t\t<\/div>\n\t\t\t\t\t<\/div>\n\t\t\t\t<\/div>\n\t\t\t\t<\/div>\n\t\t","protected":false},"excerpt":{"rendered":"<p>Explorar Contribui\u00e7\u00e3o para a Economia Local Queremos ser um ator positivo na economia local, gerando empregos e promovendo o turismo respons\u00e1vel. Ao atrair turistas para a regi\u00e3o do Alentejo, acreditamos que podemos contribuir para o crescimento sustent\u00e1vel das comunidades locais. Parcerias Sustent\u00e1veis Buscamos estabelecer parcerias sustent\u00e1veis e de longo prazo com as adegas e outros [&hellip;]<\/p>\n","protected":false},"author":1,"featured_media":0,"parent":0,"menu_order":0,"comment_status":"closed","ping_status":"closed","template":"full-width.php","meta":{"_acf_changed":false,"footnotes":""},"class_list":["post-1763","page","type-page","status-publish","hentry"],"acf":[],"yoast_head":"<!-- This site is optimized with the Yoast SEO plugin v27.4 - https:\/\/yoast.com\/product\/yoast-seo-wordpress\/ -->\n<title>Sustentabilidade e Impacto Social - Alentejo Viti Tours<\/title>\n<meta name=\"description\" content=\"As a tour operator specialising in the wines of the Alentejo region, we curate exquisite tours that embody the essence of luxury and sustainability.\" \/>\n<meta name=\"robots\" content=\"index, follow, max-snippet:-1, max-image-preview:large, max-video-preview:-1\" \/>\n<link rel=\"canonical\" href=\"https:\/\/www.alentejovititours.pt\/pt-pt\/sustentabilidade-e-impacto-social\/\" \/>\n<meta property=\"og:locale\" content=\"pt_PT\" \/>\n<meta property=\"og:type\" content=\"article\" \/>\n<meta property=\"og:title\" content=\"Sustentabilidade e Impacto Social - Alentejo Viti Tours\" \/>\n<meta property=\"og:description\" content=\"As a tour operator specialising in the wines of the Alentejo region, we curate exquisite tours that embody the essence of luxury and sustainability.\" \/>\n<meta property=\"og:url\" content=\"https:\/\/www.alentejovititours.pt\/pt-pt\/sustentabilidade-e-impacto-social\/\" \/>\n<meta property=\"og:site_name\" content=\"Alentejo Viti Tours\" \/>\n<meta property=\"article:publisher\" content=\"https:\/\/www.facebook.com\/people\/Alentejo-Viti-Tours\/61561221011736\/\" \/>\n<meta property=\"article:modified_time\" content=\"2024-09-25T09:27:37+00:00\" \/>\n<meta property=\"og:image\" content=\"https:\/\/www.alentejovititours.pt\/wp-content\/uploads\/2024\/09\/VitiTours_pagina_inicial-e1727281806508.jpg\" \/>\n\t<meta property=\"og:image:width\" content=\"1933\" \/>\n\t<meta property=\"og:image:height\" content=\"1080\" \/>\n\t<meta property=\"og:image:type\" content=\"image\/jpeg\" \/>\n<meta name=\"twitter:card\" content=\"summary_large_image\" \/>\n<meta name=\"twitter:label1\" content=\"Tempo estimado de leitura\" \/>\n\t<meta name=\"twitter:data1\" content=\"2 minutos\" \/>\n<script type=\"application\/ld+json\" class=\"yoast-schema-graph\">{\"@context\":\"https:\\\/\\\/schema.org\",\"@graph\":[{\"@type\":\"WebPage\",\"@id\":\"https:\\\/\\\/www.alentejovititours.pt\\\/pt-pt\\\/sustentabilidade-e-impacto-social\\\/\",\"url\":\"https:\\\/\\\/www.alentejovititours.pt\\\/pt-pt\\\/sustentabilidade-e-impacto-social\\\/\",\"name\":\"Sustentabilidade e Impacto Social - Alentejo Viti Tours\",\"isPartOf\":{\"@id\":\"https:\\\/\\\/www.alentejovititours.pt\\\/#website\"},\"datePublished\":\"2024-09-23T11:49:48+00:00\",\"dateModified\":\"2024-09-25T09:27:37+00:00\",\"description\":\"As a tour operator specialising in the wines of the Alentejo region, we curate exquisite tours that embody the essence of luxury and sustainability.\",\"breadcrumb\":{\"@id\":\"https:\\\/\\\/www.alentejovititours.pt\\\/pt-pt\\\/sustentabilidade-e-impacto-social\\\/#breadcrumb\"},\"inLanguage\":\"pt-PT\",\"potentialAction\":[{\"@type\":\"ReadAction\",\"target\":[\"https:\\\/\\\/www.alentejovititours.pt\\\/pt-pt\\\/sustentabilidade-e-impacto-social\\\/\"]}]},{\"@type\":\"BreadcrumbList\",\"@id\":\"https:\\\/\\\/www.alentejovititours.pt\\\/pt-pt\\\/sustentabilidade-e-impacto-social\\\/#breadcrumb\",\"itemListElement\":[{\"@type\":\"ListItem\",\"position\":1,\"name\":\"Home\",\"item\":\"https:\\\/\\\/www.alentejovititours.pt\\\/pt-pt\\\/\"},{\"@type\":\"ListItem\",\"position\":2,\"name\":\"Sustentabilidade e Impacto Social\"}]},{\"@type\":\"WebSite\",\"@id\":\"https:\\\/\\\/www.alentejovititours.pt\\\/#website\",\"url\":\"https:\\\/\\\/www.alentejovititours.pt\\\/\",\"name\":\"Alentejo Viti Tours\",\"description\":\"Great Wines. Great times.\",\"publisher\":{\"@id\":\"https:\\\/\\\/www.alentejovititours.pt\\\/#organization\"},\"potentialAction\":[{\"@type\":\"SearchAction\",\"target\":{\"@type\":\"EntryPoint\",\"urlTemplate\":\"https:\\\/\\\/www.alentejovititours.pt\\\/?s={search_term_string}\"},\"query-input\":{\"@type\":\"PropertyValueSpecification\",\"valueRequired\":true,\"valueName\":\"search_term_string\"}}],\"inLanguage\":\"pt-PT\"},{\"@type\":\"Organization\",\"@id\":\"https:\\\/\\\/www.alentejovititours.pt\\\/#organization\",\"name\":\"Alentejo Viti Tours\",\"url\":\"https:\\\/\\\/www.alentejovititours.pt\\\/\",\"logo\":{\"@type\":\"ImageObject\",\"inLanguage\":\"pt-PT\",\"@id\":\"https:\\\/\\\/www.alentejovititours.pt\\\/#\\\/schema\\\/logo\\\/image\\\/\",\"url\":\"https:\\\/\\\/www.alentejovititours.pt\\\/wp-content\\\/uploads\\\/2024\\\/09\\\/sticky_logo.svg\",\"contentUrl\":\"https:\\\/\\\/www.alentejovititours.pt\\\/wp-content\\\/uploads\\\/2024\\\/09\\\/sticky_logo.svg\",\"width\":1,\"height\":1,\"caption\":\"Alentejo Viti Tours\"},\"image\":{\"@id\":\"https:\\\/\\\/www.alentejovititours.pt\\\/#\\\/schema\\\/logo\\\/image\\\/\"},\"sameAs\":[\"https:\\\/\\\/www.facebook.com\\\/people\\\/Alentejo-Viti-Tours\\\/61561221011736\\\/\"]}]}<\/script>\n<!-- \/ Yoast SEO plugin. -->","yoast_head_json":{"title":"Sustentabilidade e Impacto Social - Alentejo Viti Tours","description":"As a tour operator specialising in the wines of the Alentejo region, we curate exquisite tours that embody the essence of luxury and sustainability.","robots":{"index":"index","follow":"follow","max-snippet":"max-snippet:-1","max-image-preview":"max-image-preview:large","max-video-preview":"max-video-preview:-1"},"canonical":"https:\/\/www.alentejovititours.pt\/pt-pt\/sustentabilidade-e-impacto-social\/","og_locale":"pt_PT","og_type":"article","og_title":"Sustentabilidade e Impacto Social - Alentejo Viti Tours","og_description":"As a tour operator specialising in the wines of the Alentejo region, we curate exquisite tours that embody the essence of luxury and sustainability.","og_url":"https:\/\/www.alentejovititours.pt\/pt-pt\/sustentabilidade-e-impacto-social\/","og_site_name":"Alentejo Viti Tours","article_publisher":"https:\/\/www.facebook.com\/people\/Alentejo-Viti-Tours\/61561221011736\/","article_modified_time":"2024-09-25T09:27:37+00:00","og_image":[{"width":1933,"height":1080,"url":"https:\/\/www.alentejovititours.pt\/wp-content\/uploads\/2024\/09\/VitiTours_pagina_inicial-e1727281806508.jpg","type":"image\/jpeg"}],"twitter_card":"summary_large_image","twitter_misc":{"Tempo estimado de leitura":"2 minutos"},"schema":{"@context":"https:\/\/schema.org","@graph":[{"@type":"WebPage","@id":"https:\/\/www.alentejovititours.pt\/pt-pt\/sustentabilidade-e-impacto-social\/","url":"https:\/\/www.alentejovititours.pt\/pt-pt\/sustentabilidade-e-impacto-social\/","name":"Sustentabilidade e Impacto Social - Alentejo Viti Tours","isPartOf":{"@id":"https:\/\/www.alentejovititours.pt\/#website"},"datePublished":"2024-09-23T11:49:48+00:00","dateModified":"2024-09-25T09:27:37+00:00","description":"As a tour operator specialising in the wines of the Alentejo region, we curate exquisite tours that embody the essence of luxury and sustainability.","breadcrumb":{"@id":"https:\/\/www.alentejovititours.pt\/pt-pt\/sustentabilidade-e-impacto-social\/#breadcrumb"},"inLanguage":"pt-PT","potentialAction":[{"@type":"ReadAction","target":["https:\/\/www.alentejovititours.pt\/pt-pt\/sustentabilidade-e-impacto-social\/"]}]},{"@type":"BreadcrumbList","@id":"https:\/\/www.alentejovititours.pt\/pt-pt\/sustentabilidade-e-impacto-social\/#breadcrumb","itemListElement":[{"@type":"ListItem","position":1,"name":"Home","item":"https:\/\/www.alentejovititours.pt\/pt-pt\/"},{"@type":"ListItem","position":2,"name":"Sustentabilidade e Impacto Social"}]},{"@type":"WebSite","@id":"https:\/\/www.alentejovititours.pt\/#website","url":"https:\/\/www.alentejovititours.pt\/","name":"Alentejo Viti Tours","description":"Great Wines. Great times.","publisher":{"@id":"https:\/\/www.alentejovititours.pt\/#organization"},"potentialAction":[{"@type":"SearchAction","target":{"@type":"EntryPoint","urlTemplate":"https:\/\/www.alentejovititours.pt\/?s={search_term_string}"},"query-input":{"@type":"PropertyValueSpecification","valueRequired":true,"valueName":"search_term_string"}}],"inLanguage":"pt-PT"},{"@type":"Organization","@id":"https:\/\/www.alentejovititours.pt\/#organization","name":"Alentejo Viti Tours","url":"https:\/\/www.alentejovititours.pt\/","logo":{"@type":"ImageObject","inLanguage":"pt-PT","@id":"https:\/\/www.alentejovititours.pt\/#\/schema\/logo\/image\/","url":"https:\/\/www.alentejovititours.pt\/wp-content\/uploads\/2024\/09\/sticky_logo.svg","contentUrl":"https:\/\/www.alentejovititours.pt\/wp-content\/uploads\/2024\/09\/sticky_logo.svg","width":1,"height":1,"caption":"Alentejo Viti Tours"},"image":{"@id":"https:\/\/www.alentejovititours.pt\/#\/schema\/logo\/image\/"},"sameAs":["https:\/\/www.facebook.com\/people\/Alentejo-Viti-Tours\/61561221011736\/"]}]}},"_links":{"self":[{"href":"https:\/\/www.alentejovititours.pt\/pt-pt\/wp-json\/wp\/v2\/pages\/1763","targetHints":{"allow":["GET"]}}],"collection":[{"href":"https:\/\/www.alentejovititours.pt\/pt-pt\/wp-json\/wp\/v2\/pages"}],"about":[{"href":"https:\/\/www.alentejovititours.pt\/pt-pt\/wp-json\/wp\/v2\/types\/page"}],"author":[{"embeddable":true,"href":"https:\/\/www.alentejovititours.pt\/pt-pt\/wp-json\/wp\/v2\/users\/1"}],"replies":[{"embeddable":true,"href":"https:\/\/www.alentejovititours.pt\/pt-pt\/wp-json\/wp\/v2\/comments?post=1763"}],"version-history":[{"count":4,"href":"https:\/\/www.alentejovititours.pt\/pt-pt\/wp-json\/wp\/v2\/pages\/1763\/revisions"}],"predecessor-version":[{"id":1882,"href":"https:\/\/www.alentejovititours.pt\/pt-pt\/wp-json\/wp\/v2\/pages\/1763\/revisions\/1882"}],"wp:attachment":[{"href":"https:\/\/www.alentejovititours.pt\/pt-pt\/wp-json\/wp\/v2\/media?parent=1763"}],"curies":[{"name":"wp","href":"https:\/\/api.w.org\/{rel}","templated":true}]}}