{"id":1765,"date":"2024-09-17T15:59:18","date_gmt":"2024-09-17T15:59:18","guid":{"rendered":"https:\/\/www.alentejovititours.pt\/terms-and-conditions\/"},"modified":"2024-09-27T16:06:20","modified_gmt":"2024-09-27T16:06:20","slug":"termos-e-condicoes","status":"publish","type":"page","link":"https:\/\/www.alentejovititours.pt\/pt-pt\/termos-e-condicoes\/","title":{"rendered":"Termos e Condic\u0327o\u0303es"},"content":{"rendered":"\t\t<div data-elementor-type=\"wp-page\" data-elementor-id=\"1765\" class=\"elementor elementor-1765 elementor-921\">\n\t\t\t\t<div class=\"elementor-element elementor-element-db71d89 e-con-full e-flex e-con e-parent\" data-id=\"db71d89\" data-element_type=\"container\" data-settings=\"{&quot;background_background&quot;:&quot;classic&quot;,&quot;jet_parallax_layout_list&quot;:[]}\">\n\t\t<div class=\"elementor-element elementor-element-06130f5 e-con-full e-flex e-con e-child\" data-id=\"06130f5\" data-element_type=\"container\" data-settings=\"{&quot;jet_parallax_layout_list&quot;:[]}\">\n\t\t<div class=\"elementor-element elementor-element-2c997de e-con-full e-flex e-con e-child\" data-id=\"2c997de\" data-element_type=\"container\" data-settings=\"{&quot;jet_parallax_layout_list&quot;:[]}\">\n\t\t\t\t<div class=\"elementor-element elementor-element-9088af7 elementor-widget elementor-widget-heading\" data-id=\"9088af7\" data-element_type=\"widget\" data-widget_type=\"heading.default\">\n\t\t\t\t<div class=\"elementor-widget-container\">\n\t\t\t<h1 class=\"elementor-heading-title elementor-size-default\">Termos e Condic\u0327o\u0303es<\/h1>\t\t<\/div>\n\t\t\t\t<\/div>\n\t\t\t\t<\/div>\n\t\t<div class=\"elementor-element elementor-element-7dcffb8 e-con-full e-flex e-con e-child\" data-id=\"7dcffb8\" data-element_type=\"container\" data-settings=\"{&quot;jet_parallax_layout_list&quot;:[]}\">\n\t\t\t\t<div class=\"elementor-element elementor-element-c071f05 elementor-widget elementor-widget-button\" data-id=\"c071f05\" data-element_type=\"widget\" data-widget_type=\"button.default\">\n\t\t\t\t<div class=\"elementor-widget-container\">\n\t\t\t\t\t\t\t<div class=\"elementor-button-wrapper\">\n\t\t\t\t\t<a class=\"elementor-button elementor-button-link elementor-size-sm\" href=\"#explore\">\n\t\t\t\t\t\t<span class=\"elementor-button-content-wrapper\">\n\t\t\t\t\t\t<span class=\"elementor-button-icon\">\n\t\t\t\t<svg xmlns=\"http:\/\/www.w3.org\/2000\/svg\" width=\"14\" height=\"15\" viewBox=\"0 0 14 15\"><path d=\"M6.28125 13.7188L1.28125 8.71875C0.875 8.34375 0.875 7.6875 1.28125 7.3125C1.65625 6.90625 2.3125 6.90625 2.6875 7.3125L6 10.5938V1C6 0.46875 6.4375 0 7 0C7.53125 0 8 0.46875 8 1V10.5938L11.2812 7.3125C11.6562 6.90625 12.3125 6.90625 12.6875 7.3125C13.0938 7.6875 13.0938 8.34375 12.6875 8.71875L7.6875 13.7188C7.3125 14.125 6.65625 14.125 6.28125 13.7188Z\"><\/path><\/svg>\t\t\t<\/span>\n\t\t\t\t\t\t\t\t\t<span class=\"elementor-button-text\">Explore<\/span>\n\t\t\t\t\t<\/span>\n\t\t\t\t\t<\/a>\n\t\t\t\t<\/div>\n\t\t\t\t\t\t<\/div>\n\t\t\t\t<\/div>\n\t\t\t\t<\/div>\n\t\t\t\t<\/div>\n\t\t\t\t<\/div>\n\t\t<div class=\"elementor-element elementor-element-7614367 e-flex e-con-boxed e-con e-parent\" data-id=\"7614367\" data-element_type=\"container\" data-settings=\"{&quot;jet_parallax_layout_list&quot;:[]}\">\n\t\t\t\t\t<div class=\"e-con-inner\">\n\t\t\t\t<div class=\"elementor-element elementor-element-8bbc13c elementor-widget elementor-widget-text-editor\" data-id=\"8bbc13c\" data-element_type=\"widget\" data-widget_type=\"text-editor.default\">\n\t\t\t\t<div class=\"elementor-widget-container\">\n\t\t\t\t\t\t\t<h2>Termos e Condi\u00e7\u00f5es Gerais de Utiliza\u00e7\u00e3o<\/h2><div>\u00a0<\/div><p>O acesso e a navega\u00e7\u00e3o neste site est\u00e3o sujeitos aos presentes Termos e Condi\u00e7\u00f5es Gerais de Utiliza\u00e7\u00e3o, que integram as Condi\u00e7\u00f5es Gerais de Venda das tours promovidas pela ALENTEJO VITI TOURS, LDA. em <a href=\"http:\/\/www.alentejovititours.pt\">www.alentejovititours.pt<\/a> e a Pol\u00edtica de Privacidade e Prote\u00e7\u00e3o de Dados apresentadas pela sociedade comercial ALENTEJO VITI TOURS, LDA., NIPC 518248992, com sede na Rua Horta das Figueiras, n.\u00ba 17, 7005-212 \u00c9vora.<\/p>\t\t\t\t\t\t<\/div>\n\t\t\t\t<\/div>\n\t\t\t\t<div class=\"elementor-element elementor-element-400a337 elementor-widget elementor-widget-text-editor\" data-id=\"400a337\" data-element_type=\"widget\" data-widget_type=\"text-editor.default\">\n\t\t\t\t<div class=\"elementor-widget-container\">\n\t\t\t\t\t\t\t<h3 style=\"margin-top: 20px; margin-bottom: 20px;\">Introdu\u00e7\u00e3o<\/h3><p>A As marca\u00e7\u00f5es e compras das Tours realizadas atrav\u00e9s do site <a href=\"http:\/\/www.alentejovititours.pt\">www.alentejovititours.pt<\/a> pressup\u00f5em a aceita\u00e7\u00e3o, por parte do cliente, destas Condi\u00e7\u00f5es Gerais de Venda que s\u00e3o estabelecidas em cumprimento da legisla\u00e7\u00e3o aplic\u00e1vel ao setor do com\u00e9rcio eletr\u00f3nico em geral.<br \/>A ALENTEJO VITI TOURS, LDA., reserva-se, no entanto, o direito de alterar estas Condi\u00e7\u00f5es Gerais de Venda sem aviso pr\u00e9vio, obrigando-se a publicar quaisquer altera\u00e7\u00f5es no presente site.<\/p><p><span style=\"text-align: var(--text-align);\">A ALENTEJO VITI TOURS, LDA., n\u00e3o se responsabiliza por quaisquer factos decorrentes da indisponibilidade do site, qualquer que seja a dura\u00e7\u00e3o da mesma, e reserva-se, ainda, o direito de restringir o acesso a algumas \u00e1reas do site por raz\u00f5es de ordem t\u00e9cnica ou para cumprimento de obriga\u00e7\u00f5es legais.<\/span><\/p><p>Caso n\u00e3o aceite integralmente cada uma das condi\u00e7\u00f5es apresentadas, n\u00e3o dever\u00e1 aceder \u00e0 loja online.<\/p><h3 style=\"margin-top: 20px; margin-bottom: 20px;\">Objeto<\/h3><p>Os presentes Termos e Condi\u00e7\u00f5es Gerais de Utiliza\u00e7\u00e3o t\u00eam por objeto a defini\u00e7\u00e3o das condi\u00e7\u00f5es de acesso e de navega\u00e7\u00e3o no site por parte do cliente que pretenda efetuar marca\u00e7\u00e3o e compra de tours na loja online. As <strong>Condi\u00e7\u00f5es Gerais de Venda<\/strong> visam regular os termos de operacionaliza\u00e7\u00e3o das transa\u00e7\u00f5es realizadas entre a ALENTEJO VITI TOURS, LDA., e o Cliente.<\/p><h3 style=\"margin-top: 20px; margin-bottom: 20px;\">I &#8211; Condi\u00e7\u00f5es Gerais de Venda<\/h3><h4 style=\"font-size: 24px; line-height: 1; margin-top: 20px; margin-bottom: 20px;\">1.1 &#8211; Processo de Marca\u00e7\u00e3o e Compra das Tours<\/h4><p>O processo de marca\u00e7\u00e3o e compra das tours \u00e9 poss\u00edvel sem cria\u00e7\u00e3o de uma conta de cliente, devendo o cliente seguir os v\u00e1rios passos sequenciais do processo de marca\u00e7\u00e3o e compra das tours.<\/p><p>O processo de marca\u00e7\u00e3o\/ agendamento e pagamento \u00e9 realizado atrav\u00e9s do software da FareHarbor BV, sendo disponibilizados \u00e0 ALENTEJO VITI TOURS, LDA. os seguintes elementos: nome, endere\u00e7o de correio electr\u00f3nico, contacto telef\u00f3nico, n\u00famero de identifica\u00e7\u00e3o fiscal, restri\u00e7\u00f5es alimentares e hotel onde est\u00e3o hospedados, se aplic\u00e1vel.<\/p><p>Com o procedimento de marca\u00e7\u00e3o da tour, dever\u00e1 tamb\u00e9m aceitar os Termos e Condi\u00e7\u00f5es da FareHarbor BV, que ser\u00e3o disponibilizados no momento da marca\u00e7\u00e3o.<\/p><p><strong>Prazos e M\u00e9todos de Pagamento<\/strong><\/p><p>Ap\u00f3s a conclus\u00e3o do processo de marca\u00e7\u00e3o e agendamento da Tour atrav\u00e9s da FareHarbor BV, a compra ficar\u00e1 registada e o cliente dispor\u00e1 de um prazo, indicado no m\u00e9todo de pagamento selecionado, para proceder ao pagamento. Findo esse prazo, se n\u00e3o houver uma confirma\u00e7\u00e3o de pagamento o agendamento e compra da tour ser\u00e3o anulados.<\/p><p>A FareHarbor BV disponibiliza os seguintes m\u00e9todos de pagamento das compras realizadas na loja online: pagamento por cart\u00f5es de cr\u00e9dito e d\u00e9bito.<\/p><h4 style=\"font-size: 24px; line-height: 1; margin-top: 20px; margin-bottom: 20px;\">1.2 &#8211; Procedimento de Cancelamento<\/h4><p><strong>Cancelamento da Tour<\/strong><\/p><p>O cliente apenas poder\u00e1 cancelar a sua tour at\u00e9 48h antes da sua realiza\u00e7\u00e3o. Caso o cancelamento n\u00e3o seja efectuado com o aviso pr\u00e9vio indicado, ou o cliente n\u00e3o compare\u00e7a, n\u00e3o haver\u00e1 lugar a reembolso.<\/p><p>Devido a quest\u00f5es clim\u00e1ticas, ou outras circunst\u00e2ncias imprevistas, a tour poder\u00e1 ser cancelada pela ALENTEJO VITI TOURS, LDA.<\/p><p><strong>M\u00e9todos de Reembolso<\/strong><\/p><p>O cliente que cancele a sua tour com 48h de anteced\u00eancia sobre a data da realiza\u00e7\u00e3o, ou no caso de o cancelamento ser efectuado pela ALENTEJO VITI TOURS, LDA., ser\u00e1 reembolsado ou receber\u00e1 um cr\u00e9dito no prazo estipulado pela entidade respons\u00e1vel, neste caso a Fareharbor BV.<\/p><h4 style=\"font-size: 24px; line-height: 1; margin-top: 20px; margin-bottom: 20px;\">1.3 &#8211; Sugest\u00f5es e Reclama\u00e7\u00f5es<\/h4><p>A opini\u00e3o dos clientes \u00e9 muito importante para a ALENTEJO VITI TOURS, LDA., uma vez que permite a implementa\u00e7\u00e3o de melhorias nos servi\u00e7os prestados. Assim, se por algum motivo os clientes n\u00e3o ficarem satisfeitos com os mesmos ou com algum dos servi\u00e7os prestados, ou, ainda, caso tenham alguma sugest\u00e3o, agradecemos que nos seja reportada qualquer situa\u00e7\u00e3o, no prazo de 14 (catorze) dias contados da ocorr\u00eancia ou da rece\u00e7\u00e3o da encomenda pelo destinat\u00e1rio ou por terceiro por si designado, para um dos canais de contacto com o servi\u00e7o de Apoio ao Cliente.<\/p><p>A ALENTEJO VITI TOURS, LDA. encontra-se registada na Plataforma do Livro de Reclama\u00e7\u00f5es Online pelo que qualquer cliente poder\u00e1 aceder ao mesmo clicando aqui ou acedendo \u00e0 p\u00e1gina <a href=\"https:\/\/www.livroreclamacoes.pt\" target=\"_blank\" rel=\"noopener\">https:\/\/www.livroreclamacoes.pt<\/a>.<\/p><h4 style=\"font-size: 24px; line-height: 1; margin-top: 20px; margin-bottom: 20px;\">1.4 &#8211; Resolu\u00e7\u00e3o Alternativa de Lit\u00edgios<\/h4><p>Em caso de lit\u00edgio, o consumidor pode recorrer \u00e0s entidades de Resolu\u00e7\u00e3o Alternativa de Lit\u00edgios de consumo identificadas no portal do consumidor, no s\u00edtio eletr\u00f3nico <a href=\"http:\/\/www.consumidor.pt\" target=\"_blank\" rel=\"noopener\">www.consumidor.pt<\/a>, ou \u00e0s entidades de Resolu\u00e7\u00e3o de Lit\u00edgios de Consumo em Linha identificadas no s\u00edtio eletr\u00f3nico: <a href=\"https:\/\/webgate.ec.europa.eu\/odr\" target=\"_blank\" rel=\"noopener\">https:\/\/webgate.ec.europa.eu\/odr<\/a>.<\/p><p>As entidades de resolu\u00e7\u00e3o alternativa de lit\u00edgios atualmente existentes s\u00e3o as seguintes:<\/p><p><strong>CNIACC &#8211; Centro Nacional de Informa\u00e7\u00e3o e Arbitragem de Conflitos de Consumo<\/strong> \u2013 Compet\u00eancia gen\u00e9rica<\/p><p><strong>E-mail:<\/strong> <a href=\"mailto:cniacc@unl.pt\">cniacc@unl.pt<\/a> <strong>Web:<\/strong> <a href=\"http:\/\/www.arbitragemdeconsumo.org\" target=\"_blank\" rel=\"noopener\">http:\/\/www.arbitragemdeconsumo.org<\/a><\/p><p><strong>Centro de Informa\u00e7\u00e3o, Media\u00e7\u00e3o e arbitragem de Conflitos de Consumo do Algarve<\/strong><br \/>\u00c1rea geogr\u00e1fica abrangida &#8211; contratos celebrados no Distrito de Faro.<br \/><strong>E-mail:<\/strong> <a href=\"mailto:apoio@consumidoronline.pt\">apoio@consumidoronline.pt<\/a> <strong>Web:<\/strong> <a href=\"http:\/\/www.consumidoronline.pt\/\" target=\"_blank\" rel=\"noopener\">http:\/\/www.consumidoronline.pt\/<\/a><\/p><p><strong>Centro de Arbitragem de Conflitos de Consumo do Distrito de Coimbra<\/strong><\/p><p>\u00c1rea geogr\u00e1fica abrangida &#8211; contratos celebrados nos munic\u00edpios de: Arganil, Cantanhede, Coimbra, Condeixa-a-Nova, Figueira da Foz, G\u00f3is, Lous\u00e3, Mira, Miranda do Corvo, Montemor-o-Velho, Oliveira do Hospital, Penacova, Penela, Soure, T\u00e1bua, Vila Nova de Poiares.<\/p><p><strong>E-mail:<\/strong> <a href=\"mailto:geral@centrodearbitragemdecoimbra.com\">geral@centrodearbitragemdecoimbra.com<\/a><\/p><p><strong>Web:<\/strong> <a href=\"http:\/\/www.centrodearbitragemdecoimbra.com\" target=\"_blank\" rel=\"noopener\">http:\/\/www.centrodearbitragemdecoimbra.com<\/a><\/p><p><strong>Centro de Arbitragem de Conflitos de Consumo de Lisboa<\/strong><\/p><p>\u00c1rea geogr\u00e1fica de abrang\u00eancia &#8211; contratos celebrados na \u00c1rea Metropolitana de Lisboa: Lisboa, Alcochete, Almada, Amadora, Azambuja, Barreiro, Cascais, Lisboa, Loures, Mafra, Moita, Montijo, Odivelas, Oeiras, Palmela, Seixal, Sesimbra, Set\u00fabal, Sintra e Vila Franca de Xira.<\/p><p><strong>E-mail:<\/strong> <a href=\"mailto:juridico@centroarbitragemlisboa.pt\">juridico@centroarbitragemlisboa.pt<\/a>\/<a href=\"mailto:director@centroarbitragemlisboa.pt\">director@centroarbitragemlisboa.pt<\/a><\/p><p><strong>Web:<\/strong> <a href=\"http:\/\/www.centroarbitragemlisboa.pt\" target=\"_blank\" rel=\"noopener\">http:\/\/www.centroarbitragemlisboa.pt<\/a><\/p><p><strong>Centro de Informa\u00e7\u00e3o de Consumo e Arbitragem do Porto<\/strong><\/p><p>\u00c1rea geogr\u00e1fica de abrang\u00eancia &#8211; contratos celebrados na \u00c1rea Metropolitana do Porto: Arouca, Espinho, Gondomar, Maia, Matosinhos, Oliveira de Azem\u00e9is, Porto, P\u00f3voa de Varzim, Santa Maria da Feira, Santo Tirso, S\u00e3o Jo\u00e3o da Madeira, Trofa, Vale de Cambra, Valongo, Vila do Conde e Vila Nova de Gaia.<\/p><p><strong>E-mail:<\/strong> <a href=\"mailto:cicap@mail.telepac.pt\">cicap@mail.telepac.pt<\/a> <strong>Web:<\/strong> <a href=\"http:\/\/www.cicap.pt\" target=\"_blank\" rel=\"noopener\">http:\/\/www.cicap.pt<\/a><\/p><p><strong>TRIAVE &#8211; Centro de Arbitragem de Conflitos de Consumo do Vale do Ave \/ Tribunal Arbitral<\/strong><\/p><p>\u00c1rea geogr\u00e1fica de abrang\u00eancia &#8211; contratos celebrados nos munic\u00edpios de: Cabeceiras de Basto, Fafe, Felgueiras, Guimar\u00e3es, P\u00f3voa de Lanhoso, P\u00f3voa de Varzim, Santo Tirso, Trofa, Vila do Conde, Vila Nova de Famalic\u00e3o, Vizela, Vieira do Minho e Vizela.<\/p><p><strong>E-mail:<\/strong> <a href=\"mailto:triave@gmail.com\">triave@gmail.com<\/a> <strong>Web:<\/strong> <a href=\"http:\/\/www.triave.pt\" target=\"_blank\" rel=\"noopener\">http:\/\/www.triave.pt<\/a><\/p><p><strong>CIAB \u2013 Centro de Informa\u00e7\u00e3o, Arbitragem e Conflitos do Consumo<\/strong><\/p><p>\u00c1rea geogr\u00e1fica de Amares, Arcos de Valdevez, Barcelos, Braga, Caminha, Esposende, Melga\u00e7o, Mon\u00e7\u00e3o, Montalegre, Paredes de Coura, Ponte da Barca, P\u00f3voa do Lanhoso, Terras do Bouro, Valen\u00e7a, Viana do Castelo, Vila Nova de Cerveira, Vieira do Minho e Vila Verde.<\/p><p><strong>Email:<\/strong> <a href=\"mailto:geral@ciab.pt\">geral@ciab.pt<\/a> <strong>Web:<\/strong> <a href=\"http:\/\/www.ciab.pt\" target=\"_blank\" rel=\"noopener\">http:\/\/www.ciab.pt<\/a><\/p><p><strong>Centro de Arbitragem de Conflitos de Consumo da Madeira<\/strong><\/p><p><strong>Email:<\/strong> <a href=\"mailto:centroarbitragem.sras@gov-madeira.pt\">centroarbitragem.sras@gov-madeira.pt<\/a> <strong>Web:<\/strong> <a href=\"http:\/\/www.srrh.gov-madeira.pt\" target=\"_blank\" rel=\"noopener\">http:\/\/www.srrh.gov-madeira.pt<\/a><\/p>\t\t\t\t\t\t<\/div>\n\t\t\t\t<\/div>\n\t\t\t\t\t<\/div>\n\t\t\t\t<\/div>\n\t\t\t\t<\/div>\n\t\t","protected":false},"excerpt":{"rendered":"<p>Explore Termos e Condi\u00e7\u00f5es Gerais de Utiliza\u00e7\u00e3o \u00a0 O acesso e a navega\u00e7\u00e3o neste site est\u00e3o sujeitos aos presentes Termos e Condi\u00e7\u00f5es Gerais de Utiliza\u00e7\u00e3o, que integram as Condi\u00e7\u00f5es Gerais de Venda das tours promovidas pela ALENTEJO VITI TOURS, LDA. em www.alentejovititours.pt e a Pol\u00edtica de Privacidade e Prote\u00e7\u00e3o de Dados apresentadas pela sociedade comercial [&hellip;]<\/p>\n","protected":false},"author":1,"featured_media":0,"parent":0,"menu_order":0,"comment_status":"closed","ping_status":"closed","template":"full-width.php","meta":{"_acf_changed":false,"footnotes":""},"class_list":["post-1765","page","type-page","status-publish","hentry"],"acf":[],"yoast_head":"<!-- This site is optimized with the Yoast SEO plugin v27.4 - https:\/\/yoast.com\/product\/yoast-seo-wordpress\/ -->\n<title>Termos e Condic\u0327o\u0303es - Alentejo Viti Tours<\/title>\n<meta name=\"description\" content=\"As a tour operator specialising in the wines of the Alentejo region, we curate exquisite tours that embody the essence of luxury and sustainability.\" \/>\n<meta name=\"robots\" content=\"index, follow, max-snippet:-1, max-image-preview:large, max-video-preview:-1\" \/>\n<link rel=\"canonical\" href=\"https:\/\/www.alentejovititours.pt\/pt-pt\/termos-e-condicoes\/\" \/>\n<meta property=\"og:locale\" content=\"pt_PT\" \/>\n<meta property=\"og:type\" content=\"article\" \/>\n<meta property=\"og:title\" content=\"Termos e Condic\u0327o\u0303es - Alentejo Viti Tours\" \/>\n<meta property=\"og:description\" content=\"As a tour operator specialising in the wines of the Alentejo region, we curate exquisite tours that embody the essence of luxury and sustainability.\" \/>\n<meta property=\"og:url\" content=\"https:\/\/www.alentejovititours.pt\/pt-pt\/termos-e-condicoes\/\" \/>\n<meta property=\"og:site_name\" content=\"Alentejo Viti Tours\" \/>\n<meta property=\"article:publisher\" content=\"https:\/\/www.facebook.com\/people\/Alentejo-Viti-Tours\/61561221011736\/\" \/>\n<meta property=\"article:modified_time\" content=\"2024-09-27T16:06:20+00:00\" \/>\n<meta property=\"og:image\" content=\"https:\/\/www.alentejovititours.pt\/wp-content\/uploads\/2024\/09\/VitiTours_pagina_inicial-e1727281806508.jpg\" \/>\n\t<meta property=\"og:image:width\" content=\"1933\" \/>\n\t<meta property=\"og:image:height\" content=\"1080\" \/>\n\t<meta property=\"og:image:type\" content=\"image\/jpeg\" \/>\n<meta name=\"twitter:card\" content=\"summary_large_image\" \/>\n<meta name=\"twitter:label1\" content=\"Tempo estimado de leitura\" \/>\n\t<meta name=\"twitter:data1\" content=\"6 minutos\" \/>\n<script type=\"application\/ld+json\" class=\"yoast-schema-graph\">{\"@context\":\"https:\\\/\\\/schema.org\",\"@graph\":[{\"@type\":\"WebPage\",\"@id\":\"https:\\\/\\\/www.alentejovititours.pt\\\/pt-pt\\\/termos-e-condicoes\\\/\",\"url\":\"https:\\\/\\\/www.alentejovititours.pt\\\/pt-pt\\\/termos-e-condicoes\\\/\",\"name\":\"Termos e Condic\u0327o\u0303es - Alentejo Viti Tours\",\"isPartOf\":{\"@id\":\"https:\\\/\\\/www.alentejovititours.pt\\\/#website\"},\"datePublished\":\"2024-09-17T15:59:18+00:00\",\"dateModified\":\"2024-09-27T16:06:20+00:00\",\"description\":\"As a tour operator specialising in the wines of the Alentejo region, we curate exquisite tours that embody the essence of luxury and sustainability.\",\"breadcrumb\":{\"@id\":\"https:\\\/\\\/www.alentejovititours.pt\\\/pt-pt\\\/termos-e-condicoes\\\/#breadcrumb\"},\"inLanguage\":\"pt-PT\",\"potentialAction\":[{\"@type\":\"ReadAction\",\"target\":[\"https:\\\/\\\/www.alentejovititours.pt\\\/pt-pt\\\/termos-e-condicoes\\\/\"]}]},{\"@type\":\"BreadcrumbList\",\"@id\":\"https:\\\/\\\/www.alentejovititours.pt\\\/pt-pt\\\/termos-e-condicoes\\\/#breadcrumb\",\"itemListElement\":[{\"@type\":\"ListItem\",\"position\":1,\"name\":\"Home\",\"item\":\"https:\\\/\\\/www.alentejovititours.pt\\\/pt-pt\\\/\"},{\"@type\":\"ListItem\",\"position\":2,\"name\":\"Termos e Condic\u0327o\u0303es\"}]},{\"@type\":\"WebSite\",\"@id\":\"https:\\\/\\\/www.alentejovititours.pt\\\/#website\",\"url\":\"https:\\\/\\\/www.alentejovititours.pt\\\/\",\"name\":\"Alentejo Viti Tours\",\"description\":\"Great Wines. Great times.\",\"publisher\":{\"@id\":\"https:\\\/\\\/www.alentejovititours.pt\\\/#organization\"},\"potentialAction\":[{\"@type\":\"SearchAction\",\"target\":{\"@type\":\"EntryPoint\",\"urlTemplate\":\"https:\\\/\\\/www.alentejovititours.pt\\\/?s={search_term_string}\"},\"query-input\":{\"@type\":\"PropertyValueSpecification\",\"valueRequired\":true,\"valueName\":\"search_term_string\"}}],\"inLanguage\":\"pt-PT\"},{\"@type\":\"Organization\",\"@id\":\"https:\\\/\\\/www.alentejovititours.pt\\\/#organization\",\"name\":\"Alentejo Viti Tours\",\"url\":\"https:\\\/\\\/www.alentejovititours.pt\\\/\",\"logo\":{\"@type\":\"ImageObject\",\"inLanguage\":\"pt-PT\",\"@id\":\"https:\\\/\\\/www.alentejovititours.pt\\\/#\\\/schema\\\/logo\\\/image\\\/\",\"url\":\"https:\\\/\\\/www.alentejovititours.pt\\\/wp-content\\\/uploads\\\/2024\\\/09\\\/sticky_logo.svg\",\"contentUrl\":\"https:\\\/\\\/www.alentejovititours.pt\\\/wp-content\\\/uploads\\\/2024\\\/09\\\/sticky_logo.svg\",\"width\":1,\"height\":1,\"caption\":\"Alentejo Viti Tours\"},\"image\":{\"@id\":\"https:\\\/\\\/www.alentejovititours.pt\\\/#\\\/schema\\\/logo\\\/image\\\/\"},\"sameAs\":[\"https:\\\/\\\/www.facebook.com\\\/people\\\/Alentejo-Viti-Tours\\\/61561221011736\\\/\"]}]}<\/script>\n<!-- \/ Yoast SEO plugin. -->","yoast_head_json":{"title":"Termos e Condic\u0327o\u0303es - Alentejo Viti Tours","description":"As a tour operator specialising in the wines of the Alentejo region, we curate exquisite tours that embody the essence of luxury and sustainability.","robots":{"index":"index","follow":"follow","max-snippet":"max-snippet:-1","max-image-preview":"max-image-preview:large","max-video-preview":"max-video-preview:-1"},"canonical":"https:\/\/www.alentejovititours.pt\/pt-pt\/termos-e-condicoes\/","og_locale":"pt_PT","og_type":"article","og_title":"Termos e Condic\u0327o\u0303es - Alentejo Viti Tours","og_description":"As a tour operator specialising in the wines of the Alentejo region, we curate exquisite tours that embody the essence of luxury and sustainability.","og_url":"https:\/\/www.alentejovititours.pt\/pt-pt\/termos-e-condicoes\/","og_site_name":"Alentejo Viti Tours","article_publisher":"https:\/\/www.facebook.com\/people\/Alentejo-Viti-Tours\/61561221011736\/","article_modified_time":"2024-09-27T16:06:20+00:00","og_image":[{"width":1933,"height":1080,"url":"https:\/\/www.alentejovititours.pt\/wp-content\/uploads\/2024\/09\/VitiTours_pagina_inicial-e1727281806508.jpg","type":"image\/jpeg"}],"twitter_card":"summary_large_image","twitter_misc":{"Tempo estimado de leitura":"6 minutos"},"schema":{"@context":"https:\/\/schema.org","@graph":[{"@type":"WebPage","@id":"https:\/\/www.alentejovititours.pt\/pt-pt\/termos-e-condicoes\/","url":"https:\/\/www.alentejovititours.pt\/pt-pt\/termos-e-condicoes\/","name":"Termos e Condic\u0327o\u0303es - Alentejo Viti Tours","isPartOf":{"@id":"https:\/\/www.alentejovititours.pt\/#website"},"datePublished":"2024-09-17T15:59:18+00:00","dateModified":"2024-09-27T16:06:20+00:00","description":"As a tour operator specialising in the wines of the Alentejo region, we curate exquisite tours that embody the essence of luxury and sustainability.","breadcrumb":{"@id":"https:\/\/www.alentejovititours.pt\/pt-pt\/termos-e-condicoes\/#breadcrumb"},"inLanguage":"pt-PT","potentialAction":[{"@type":"ReadAction","target":["https:\/\/www.alentejovititours.pt\/pt-pt\/termos-e-condicoes\/"]}]},{"@type":"BreadcrumbList","@id":"https:\/\/www.alentejovititours.pt\/pt-pt\/termos-e-condicoes\/#breadcrumb","itemListElement":[{"@type":"ListItem","position":1,"name":"Home","item":"https:\/\/www.alentejovititours.pt\/pt-pt\/"},{"@type":"ListItem","position":2,"name":"Termos e Condic\u0327o\u0303es"}]},{"@type":"WebSite","@id":"https:\/\/www.alentejovititours.pt\/#website","url":"https:\/\/www.alentejovititours.pt\/","name":"Alentejo Viti Tours","description":"Great Wines. Great times.","publisher":{"@id":"https:\/\/www.alentejovititours.pt\/#organization"},"potentialAction":[{"@type":"SearchAction","target":{"@type":"EntryPoint","urlTemplate":"https:\/\/www.alentejovititours.pt\/?s={search_term_string}"},"query-input":{"@type":"PropertyValueSpecification","valueRequired":true,"valueName":"search_term_string"}}],"inLanguage":"pt-PT"},{"@type":"Organization","@id":"https:\/\/www.alentejovititours.pt\/#organization","name":"Alentejo Viti Tours","url":"https:\/\/www.alentejovititours.pt\/","logo":{"@type":"ImageObject","inLanguage":"pt-PT","@id":"https:\/\/www.alentejovititours.pt\/#\/schema\/logo\/image\/","url":"https:\/\/www.alentejovititours.pt\/wp-content\/uploads\/2024\/09\/sticky_logo.svg","contentUrl":"https:\/\/www.alentejovititours.pt\/wp-content\/uploads\/2024\/09\/sticky_logo.svg","width":1,"height":1,"caption":"Alentejo Viti Tours"},"image":{"@id":"https:\/\/www.alentejovititours.pt\/#\/schema\/logo\/image\/"},"sameAs":["https:\/\/www.facebook.com\/people\/Alentejo-Viti-Tours\/61561221011736\/"]}]}},"_links":{"self":[{"href":"https:\/\/www.alentejovititours.pt\/pt-pt\/wp-json\/wp\/v2\/pages\/1765","targetHints":{"allow":["GET"]}}],"collection":[{"href":"https:\/\/www.alentejovititours.pt\/pt-pt\/wp-json\/wp\/v2\/pages"}],"about":[{"href":"https:\/\/www.alentejovititours.pt\/pt-pt\/wp-json\/wp\/v2\/types\/page"}],"author":[{"embeddable":true,"href":"https:\/\/www.alentejovititours.pt\/pt-pt\/wp-json\/wp\/v2\/users\/1"}],"replies":[{"embeddable":true,"href":"https:\/\/www.alentejovititours.pt\/pt-pt\/wp-json\/wp\/v2\/comments?post=1765"}],"version-history":[{"count":4,"href":"https:\/\/www.alentejovititours.pt\/pt-pt\/wp-json\/wp\/v2\/pages\/1765\/revisions"}],"predecessor-version":[{"id":2371,"href":"https:\/\/www.alentejovititours.pt\/pt-pt\/wp-json\/wp\/v2\/pages\/1765\/revisions\/2371"}],"wp:attachment":[{"href":"https:\/\/www.alentejovititours.pt\/pt-pt\/wp-json\/wp\/v2\/media?parent=1765"}],"curies":[{"name":"wp","href":"https:\/\/api.w.org\/{rel}","templated":true}]}}