{"id":1768,"date":"2024-09-17T08:37:02","date_gmt":"2024-09-17T08:37:02","guid":{"rendered":"https:\/\/www.alentejovititours.pt\/blog\/"},"modified":"2024-09-24T17:11:15","modified_gmt":"2024-09-24T17:11:15","slug":"blog","status":"publish","type":"page","link":"https:\/\/www.alentejovititours.pt\/pt-pt\/blog\/","title":{"rendered":"Blog"},"content":{"rendered":"\t\t<div data-elementor-type=\"wp-page\" data-elementor-id=\"1768\" class=\"elementor elementor-1768 elementor-800\">\n\t\t\t\t<div class=\"elementor-element elementor-element-f6f06ff e-con-full e-flex e-con e-parent\" data-id=\"f6f06ff\" data-element_type=\"container\" data-settings=\"{&quot;background_background&quot;:&quot;classic&quot;,&quot;jet_parallax_layout_list&quot;:[]}\">\n\t\t<div class=\"elementor-element elementor-element-ab78725 e-con-full e-flex e-con e-child\" data-id=\"ab78725\" data-element_type=\"container\" data-settings=\"{&quot;jet_parallax_layout_list&quot;:[],&quot;background_background&quot;:&quot;classic&quot;}\">\n\t\t<div class=\"elementor-element elementor-element-ac065de e-con-full e-flex e-con e-child\" data-id=\"ac065de\" data-element_type=\"container\" data-settings=\"{&quot;jet_parallax_layout_list&quot;:[]}\">\n\t\t\t\t<div class=\"elementor-element elementor-element-8858731 elementor-widget elementor-widget-heading\" data-id=\"8858731\" data-element_type=\"widget\" data-widget_type=\"heading.default\">\n\t\t\t\t<div class=\"elementor-widget-container\">\n\t\t\t<h1 class=\"elementor-heading-title elementor-size-default\">Blog<\/h1>\t\t<\/div>\n\t\t\t\t<\/div>\n\t\t\t\t<\/div>\n\t\t<div class=\"elementor-element elementor-element-ac15bf1 e-con-full e-flex e-con e-child\" data-id=\"ac15bf1\" data-element_type=\"container\" data-settings=\"{&quot;jet_parallax_layout_list&quot;:[]}\">\n\t\t\t\t<div class=\"elementor-element elementor-element-ddaeb5f elementor-widget elementor-widget-button\" data-id=\"ddaeb5f\" data-element_type=\"widget\" data-widget_type=\"button.default\">\n\t\t\t\t<div class=\"elementor-widget-container\">\n\t\t\t\t\t\t\t<div class=\"elementor-button-wrapper\">\n\t\t\t\t\t<a class=\"elementor-button elementor-button-link elementor-size-sm\" href=\"#explore\">\n\t\t\t\t\t\t<span class=\"elementor-button-content-wrapper\">\n\t\t\t\t\t\t<span class=\"elementor-button-icon\">\n\t\t\t\t<svg xmlns=\"http:\/\/www.w3.org\/2000\/svg\" width=\"14\" height=\"15\" viewBox=\"0 0 14 15\"><path d=\"M6.28125 13.7188L1.28125 8.71875C0.875 8.34375 0.875 7.6875 1.28125 7.3125C1.65625 6.90625 2.3125 6.90625 2.6875 7.3125L6 10.5938V1C6 0.46875 6.4375 0 7 0C7.53125 0 8 0.46875 8 1V10.5938L11.2812 7.3125C11.6562 6.90625 12.3125 6.90625 12.6875 7.3125C13.0938 7.6875 13.0938 8.34375 12.6875 8.71875L7.6875 13.7188C7.3125 14.125 6.65625 14.125 6.28125 13.7188Z\"><\/path><\/svg>\t\t\t<\/span>\n\t\t\t\t\t\t\t\t\t<span class=\"elementor-button-text\">Explorar<\/span>\n\t\t\t\t\t<\/span>\n\t\t\t\t\t<\/a>\n\t\t\t\t<\/div>\n\t\t\t\t\t\t<\/div>\n\t\t\t\t<\/div>\n\t\t\t\t<\/div>\n\t\t\t\t<\/div>\n\t\t\t\t<\/div>\n\t\t<div class=\"elementor-element elementor-element-a3cb23e e-flex e-con-boxed e-con e-parent\" data-id=\"a3cb23e\" data-element_type=\"container\" data-settings=\"{&quot;jet_parallax_layout_list&quot;:[]}\">\n\t\t\t\t\t<div class=\"e-con-inner\">\n\t\t<div class=\"elementor-element elementor-element-f813bed e-con-full e-flex e-con e-child\" data-id=\"f813bed\" data-element_type=\"container\" data-settings=\"{&quot;jet_parallax_layout_list&quot;:[]}\">\n\t\t\t\t<div class=\"elementor-element elementor-element-d6b03bb elementor-widget elementor-widget-heading\" data-id=\"d6b03bb\" data-element_type=\"widget\" data-widget_type=\"heading.default\">\n\t\t\t\t<div class=\"elementor-widget-container\">\n\t\t\t<h2 class=\"elementor-heading-title elementor-size-default\">Os nossos artigos<\/h2>\t\t<\/div>\n\t\t\t\t<\/div>\n\t\t\t\t<div class=\"elementor-element elementor-element-8a5fbbb raven-advaned-posts-equal-height-yes raven-button-align-center home-articles elementor-widget elementor-widget-raven-advanced-posts\" data-id=\"8a5fbbb\" data-element_type=\"widget\" data-settings=\"{&quot;general_layout&quot;:&quot;grid&quot;,&quot;columns&quot;:&quot;3&quot;,&quot;columns_tablet&quot;:&quot;2&quot;,&quot;columns_mobile&quot;:&quot;1&quot;,&quot;pagination_type&quot;:&quot;page_based&quot;,&quot;query_posts_per_page&quot;:6,&quot;query_orderby&quot;:&quot;date&quot;,&quot;query_offset&quot;:0}\" data-widget_type=\"raven-advanced-posts.default\">\n\t\t\t\t<div class=\"elementor-widget-container\">\n\t\t\t\t\t<div class=\"raven-posts raven-posts-grid\">\n\t\t\t\t\t\t<div class=\"advanced-posts-content content-layout-under-image raven-grid raven-grid-3 raven-grid-mobile-1 raven-grid-tablet-2  \" data-post-id=\"1768\" data-archive-query=\"\">\n\t\t\t\t<div class=\"raven-posts-item raven-grid-item  \"><div class=\"raven-post-wrapper \"><div class=\"raven-post  \"><div class=\"raven-post-image-wrap\"><a class=\"raven-post-image raven-image-fit\" href=\"https:\/\/www.alentejovititours.pt\/pt-pt\/cidade-do-vinho-2025-vinhos-da-serra-dossa-identidade-e-futuro\/\"> <img fetchpriority=\"high\" decoding=\"async\" width=\"1024\" height=\"683\" src=\"https:\/\/www.alentejovititours.pt\/wp-content\/uploads\/2025\/01\/Drone-12-1024x683.jpg\" class=\"attachment-large size-large wp-image-2608\" alt=\"\" srcset=\"https:\/\/www.alentejovititours.pt\/wp-content\/uploads\/2025\/01\/Drone-12-1024x683.jpg 1024w, https:\/\/www.alentejovititours.pt\/wp-content\/uploads\/2025\/01\/Drone-12-300x200.jpg 300w, https:\/\/www.alentejovititours.pt\/wp-content\/uploads\/2025\/01\/Drone-12-768x512.jpg 768w, https:\/\/www.alentejovititours.pt\/wp-content\/uploads\/2025\/01\/Drone-12-1536x1024.jpg 1536w, https:\/\/www.alentejovititours.pt\/wp-content\/uploads\/2025\/01\/Drone-12-2048x1365.jpg 2048w\" sizes=\"(max-width: 1024px) 100vw, 1024px\" \/><span class=\"raven-post-image-overlay\"><\/span><\/a><\/div><div class=\"raven-post-content-container\"><div class=\"raven-post-content\" data-id=\"2618\"><h3 class=\"raven-post-title\"><a class=\"raven-post-title-link\" href=\"https:\/\/www.alentejovititours.pt\/pt-pt\/cidade-do-vinho-2025-vinhos-da-serra-dossa-identidade-e-futuro\/\">Cidade do Vinho 2025: Vinhos da Serra d\u2019Ossa \u2013 Identidade e Futuro<\/a><\/h3><div class=\"raven-post-read-more\"><a class=\"raven-post-button\" href=\"https:\/\/www.alentejovititours.pt\/pt-pt\/cidade-do-vinho-2025-vinhos-da-serra-dossa-identidade-e-futuro\/\"><span class=\"raven-post-button-text\">Ler artigo<\/span><\/a><\/div><\/div><\/div><\/div><\/div><\/div><div class=\"raven-posts-item raven-grid-item  \"><div class=\"raven-post-wrapper \"><div class=\"raven-post  \"><div class=\"raven-post-image-wrap\"><a class=\"raven-post-image raven-image-fit\" href=\"https:\/\/www.alentejovititours.pt\/pt-pt\/the-history-of-alentejo-wines-tradition-resilience-and-evolution-2\/\"> <img decoding=\"async\" width=\"1024\" height=\"575\" src=\"https:\/\/www.alentejovititours.pt\/wp-content\/uploads\/2024\/11\/2021-09-13-1024x575.jpg\" class=\"attachment-large size-large wp-image-2581\" alt=\"\" srcset=\"https:\/\/www.alentejovititours.pt\/wp-content\/uploads\/2024\/11\/2021-09-13-1024x575.jpg 1024w, https:\/\/www.alentejovititours.pt\/wp-content\/uploads\/2024\/11\/2021-09-13-300x169.jpg 300w, https:\/\/www.alentejovititours.pt\/wp-content\/uploads\/2024\/11\/2021-09-13-768x431.jpg 768w, https:\/\/www.alentejovititours.pt\/wp-content\/uploads\/2024\/11\/2021-09-13.jpg 1360w\" sizes=\"(max-width: 1024px) 100vw, 1024px\" \/><span class=\"raven-post-image-overlay\"><\/span><\/a><\/div><div class=\"raven-post-content-container\"><div class=\"raven-post-content\" data-id=\"2589\"><h3 class=\"raven-post-title\"><a class=\"raven-post-title-link\" href=\"https:\/\/www.alentejovititours.pt\/pt-pt\/the-history-of-alentejo-wines-tradition-resilience-and-evolution-2\/\">The History of Alentejo Wines: Tradition, Resilience, and Evolution<\/a><\/h3><div class=\"raven-post-read-more\"><a class=\"raven-post-button\" href=\"https:\/\/www.alentejovititours.pt\/pt-pt\/the-history-of-alentejo-wines-tradition-resilience-and-evolution-2\/\"><span class=\"raven-post-button-text\">Ler artigo<\/span><\/a><\/div><\/div><\/div><\/div><\/div><\/div><div class=\"raven-posts-item raven-grid-item  \"><div class=\"raven-post-wrapper \"><div class=\"raven-post  \"><div class=\"raven-post-image-wrap\"><a class=\"raven-post-image raven-image-fit\" href=\"https:\/\/www.alentejovititours.pt\/pt-pt\/descubra-o-melhor-do-alentejo-atividades-imperdiveis-e-a-experiencia-unica-da-alentejo-viti-tours\/\"> <img decoding=\"async\" width=\"982\" height=\"531\" src=\"https:\/\/www.alentejovititours.pt\/wp-content\/uploads\/2024\/09\/blog1-min.jpg\" class=\"attachment-large size-large wp-image-816\" alt=\"\" srcset=\"https:\/\/www.alentejovititours.pt\/wp-content\/uploads\/2024\/09\/blog1-min.jpg 982w, https:\/\/www.alentejovititours.pt\/wp-content\/uploads\/2024\/09\/blog1-min-300x162.jpg 300w, https:\/\/www.alentejovititours.pt\/wp-content\/uploads\/2024\/09\/blog1-min-768x415.jpg 768w\" sizes=\"(max-width: 982px) 100vw, 982px\" \/><span class=\"raven-post-image-overlay\"><\/span><\/a><\/div><div class=\"raven-post-content-container\"><div class=\"raven-post-content\" data-id=\"1759\"><h3 class=\"raven-post-title\"><a class=\"raven-post-title-link\" href=\"https:\/\/www.alentejovititours.pt\/pt-pt\/descubra-o-melhor-do-alentejo-atividades-imperdiveis-e-a-experiencia-unica-da-alentejo-viti-tours\/\">Descubra o Melhor do Alentejo: Atividades Imperd\u00edveis e a Experi\u00eancia \u00danica da Alentejo Viti Tours<\/a><\/h3><div class=\"raven-post-read-more\"><a class=\"raven-post-button\" href=\"https:\/\/www.alentejovititours.pt\/pt-pt\/descubra-o-melhor-do-alentejo-atividades-imperdiveis-e-a-experiencia-unica-da-alentejo-viti-tours\/\"><span class=\"raven-post-button-text\">Ler artigo<\/span><\/a><\/div><\/div><\/div><\/div><\/div><\/div><div class=\"raven-posts-item raven-grid-item  \"><div class=\"raven-post-wrapper \"><div class=\"raven-post  \"><div class=\"raven-post-image-wrap\"><a class=\"raven-post-image raven-image-fit\" href=\"https:\/\/www.alentejovititours.pt\/pt-pt\/top-5-castas-imperdiveis-no-alentejo\/\"> <img loading=\"lazy\" decoding=\"async\" width=\"982\" height=\"530\" src=\"https:\/\/www.alentejovititours.pt\/wp-content\/uploads\/2024\/09\/Quinta_Quetzal_Generations_Talha_gallery_2.jpg\" class=\"attachment-large size-large wp-image-1220\" alt=\"\" srcset=\"https:\/\/www.alentejovititours.pt\/wp-content\/uploads\/2024\/09\/Quinta_Quetzal_Generations_Talha_gallery_2.jpg 982w, https:\/\/www.alentejovititours.pt\/wp-content\/uploads\/2024\/09\/Quinta_Quetzal_Generations_Talha_gallery_2-300x162.jpg 300w, https:\/\/www.alentejovititours.pt\/wp-content\/uploads\/2024\/09\/Quinta_Quetzal_Generations_Talha_gallery_2-768x415.jpg 768w\" sizes=\"(max-width: 982px) 100vw, 982px\" \/><span class=\"raven-post-image-overlay\"><\/span><\/a><\/div><div class=\"raven-post-content-container\"><div class=\"raven-post-content\" data-id=\"1760\"><h3 class=\"raven-post-title\"><a class=\"raven-post-title-link\" href=\"https:\/\/www.alentejovititours.pt\/pt-pt\/top-5-castas-imperdiveis-no-alentejo\/\">Top 5 Castas Imperd\u00edveis no Alentejo<\/a><\/h3><div class=\"raven-post-read-more\"><a class=\"raven-post-button\" href=\"https:\/\/www.alentejovititours.pt\/pt-pt\/top-5-castas-imperdiveis-no-alentejo\/\"><span class=\"raven-post-button-text\">Ler artigo<\/span><\/a><\/div><\/div><\/div><\/div><\/div><\/div>\t\t\t<\/div>\n\t\t\t\t\t<\/div>\n\t\t\t\t<\/div>\n\t\t\t\t<\/div>\n\t\t\t\t<\/div>\n\t\t\t\t\t<\/div>\n\t\t\t\t<\/div>\n\t\t\t\t<\/div>\n\t\t","protected":false},"excerpt":{"rendered":"<p>Explorar Os nossos artigos Descubra o Melhor do Alentejo: Atividades Imperd\u00edveis e a Experi\u00eancia \u00danica da Alentejo Viti Tours Ler artigo Top 5 Castas Imperd\u00edveis no Alentejo Ler artigo<\/p>\n","protected":false},"author":1,"featured_media":0,"parent":0,"menu_order":0,"comment_status":"closed","ping_status":"closed","template":"full-width.php","meta":{"_acf_changed":false,"footnotes":""},"class_list":["post-1768","page","type-page","status-publish","hentry"],"acf":[],"yoast_head":"<!-- This site is optimized with the Yoast SEO plugin v27.4 - https:\/\/yoast.com\/product\/yoast-seo-wordpress\/ -->\n<title>Blog - Alentejo Viti Tours<\/title>\n<meta name=\"description\" content=\"As a tour operator specialising in the wines of the Alentejo region, we curate exquisite tours that embody the essence of luxury and sustainability.\" \/>\n<meta name=\"robots\" content=\"index, follow, max-snippet:-1, max-image-preview:large, max-video-preview:-1\" \/>\n<link rel=\"canonical\" href=\"https:\/\/www.alentejovititours.pt\/pt-pt\/blog\/\" \/>\n<meta property=\"og:locale\" content=\"pt_PT\" \/>\n<meta property=\"og:type\" content=\"article\" \/>\n<meta property=\"og:title\" content=\"Blog - Alentejo Viti Tours\" \/>\n<meta property=\"og:description\" content=\"As a tour operator specialising in the wines of the Alentejo region, we curate exquisite tours that embody the essence of luxury and sustainability.\" \/>\n<meta property=\"og:url\" content=\"https:\/\/www.alentejovititours.pt\/pt-pt\/blog\/\" \/>\n<meta property=\"og:site_name\" content=\"Alentejo Viti Tours\" \/>\n<meta property=\"article:publisher\" content=\"https:\/\/www.facebook.com\/people\/Alentejo-Viti-Tours\/61561221011736\/\" \/>\n<meta property=\"article:modified_time\" content=\"2024-09-24T17:11:15+00:00\" \/>\n<meta property=\"og:image\" content=\"https:\/\/www.alentejovititours.pt\/wp-content\/uploads\/2024\/09\/blog1-min.jpg\" \/>\n<meta name=\"twitter:card\" content=\"summary_large_image\" \/>\n<script type=\"application\/ld+json\" class=\"yoast-schema-graph\">{\"@context\":\"https:\\\/\\\/schema.org\",\"@graph\":[{\"@type\":\"WebPage\",\"@id\":\"https:\\\/\\\/www.alentejovititours.pt\\\/pt-pt\\\/blog\\\/\",\"url\":\"https:\\\/\\\/www.alentejovititours.pt\\\/pt-pt\\\/blog\\\/\",\"name\":\"Blog - Alentejo Viti Tours\",\"isPartOf\":{\"@id\":\"https:\\\/\\\/www.alentejovititours.pt\\\/#website\"},\"primaryImageOfPage\":{\"@id\":\"https:\\\/\\\/www.alentejovititours.pt\\\/pt-pt\\\/blog\\\/#primaryimage\"},\"image\":{\"@id\":\"https:\\\/\\\/www.alentejovititours.pt\\\/pt-pt\\\/blog\\\/#primaryimage\"},\"thumbnailUrl\":\"https:\\\/\\\/www.alentejovititours.pt\\\/wp-content\\\/uploads\\\/2024\\\/09\\\/blog1-min.jpg\",\"datePublished\":\"2024-09-17T08:37:02+00:00\",\"dateModified\":\"2024-09-24T17:11:15+00:00\",\"description\":\"As a tour operator specialising in the wines of the Alentejo region, we curate exquisite tours that embody the essence of luxury and sustainability.\",\"breadcrumb\":{\"@id\":\"https:\\\/\\\/www.alentejovititours.pt\\\/pt-pt\\\/blog\\\/#breadcrumb\"},\"inLanguage\":\"pt-PT\",\"potentialAction\":[{\"@type\":\"ReadAction\",\"target\":[\"https:\\\/\\\/www.alentejovititours.pt\\\/pt-pt\\\/blog\\\/\"]}]},{\"@type\":\"ImageObject\",\"inLanguage\":\"pt-PT\",\"@id\":\"https:\\\/\\\/www.alentejovititours.pt\\\/pt-pt\\\/blog\\\/#primaryimage\",\"url\":\"https:\\\/\\\/www.alentejovititours.pt\\\/wp-content\\\/uploads\\\/2024\\\/09\\\/blog1-min.jpg\",\"contentUrl\":\"https:\\\/\\\/www.alentejovititours.pt\\\/wp-content\\\/uploads\\\/2024\\\/09\\\/blog1-min.jpg\"},{\"@type\":\"BreadcrumbList\",\"@id\":\"https:\\\/\\\/www.alentejovititours.pt\\\/pt-pt\\\/blog\\\/#breadcrumb\",\"itemListElement\":[{\"@type\":\"ListItem\",\"position\":1,\"name\":\"Home\",\"item\":\"https:\\\/\\\/www.alentejovititours.pt\\\/pt-pt\\\/\"},{\"@type\":\"ListItem\",\"position\":2,\"name\":\"Blog\"}]},{\"@type\":\"WebSite\",\"@id\":\"https:\\\/\\\/www.alentejovititours.pt\\\/#website\",\"url\":\"https:\\\/\\\/www.alentejovititours.pt\\\/\",\"name\":\"Alentejo Viti Tours\",\"description\":\"Great Wines. Great times.\",\"publisher\":{\"@id\":\"https:\\\/\\\/www.alentejovititours.pt\\\/#organization\"},\"potentialAction\":[{\"@type\":\"SearchAction\",\"target\":{\"@type\":\"EntryPoint\",\"urlTemplate\":\"https:\\\/\\\/www.alentejovititours.pt\\\/?s={search_term_string}\"},\"query-input\":{\"@type\":\"PropertyValueSpecification\",\"valueRequired\":true,\"valueName\":\"search_term_string\"}}],\"inLanguage\":\"pt-PT\"},{\"@type\":\"Organization\",\"@id\":\"https:\\\/\\\/www.alentejovititours.pt\\\/#organization\",\"name\":\"Alentejo Viti Tours\",\"url\":\"https:\\\/\\\/www.alentejovititours.pt\\\/\",\"logo\":{\"@type\":\"ImageObject\",\"inLanguage\":\"pt-PT\",\"@id\":\"https:\\\/\\\/www.alentejovititours.pt\\\/#\\\/schema\\\/logo\\\/image\\\/\",\"url\":\"https:\\\/\\\/www.alentejovititours.pt\\\/wp-content\\\/uploads\\\/2024\\\/09\\\/sticky_logo.svg\",\"contentUrl\":\"https:\\\/\\\/www.alentejovititours.pt\\\/wp-content\\\/uploads\\\/2024\\\/09\\\/sticky_logo.svg\",\"width\":1,\"height\":1,\"caption\":\"Alentejo Viti Tours\"},\"image\":{\"@id\":\"https:\\\/\\\/www.alentejovititours.pt\\\/#\\\/schema\\\/logo\\\/image\\\/\"},\"sameAs\":[\"https:\\\/\\\/www.facebook.com\\\/people\\\/Alentejo-Viti-Tours\\\/61561221011736\\\/\"]}]}<\/script>\n<!-- \/ Yoast SEO plugin. -->","yoast_head_json":{"title":"Blog - Alentejo Viti Tours","description":"As a tour operator specialising in the wines of the Alentejo region, we curate exquisite tours that embody the essence of luxury and sustainability.","robots":{"index":"index","follow":"follow","max-snippet":"max-snippet:-1","max-image-preview":"max-image-preview:large","max-video-preview":"max-video-preview:-1"},"canonical":"https:\/\/www.alentejovititours.pt\/pt-pt\/blog\/","og_locale":"pt_PT","og_type":"article","og_title":"Blog - Alentejo Viti Tours","og_description":"As a tour operator specialising in the wines of the Alentejo region, we curate exquisite tours that embody the essence of luxury and sustainability.","og_url":"https:\/\/www.alentejovititours.pt\/pt-pt\/blog\/","og_site_name":"Alentejo Viti Tours","article_publisher":"https:\/\/www.facebook.com\/people\/Alentejo-Viti-Tours\/61561221011736\/","article_modified_time":"2024-09-24T17:11:15+00:00","og_image":[{"url":"https:\/\/www.alentejovititours.pt\/wp-content\/uploads\/2024\/09\/blog1-min.jpg","type":"","width":"","height":""}],"twitter_card":"summary_large_image","schema":{"@context":"https:\/\/schema.org","@graph":[{"@type":"WebPage","@id":"https:\/\/www.alentejovititours.pt\/pt-pt\/blog\/","url":"https:\/\/www.alentejovititours.pt\/pt-pt\/blog\/","name":"Blog - Alentejo Viti Tours","isPartOf":{"@id":"https:\/\/www.alentejovititours.pt\/#website"},"primaryImageOfPage":{"@id":"https:\/\/www.alentejovititours.pt\/pt-pt\/blog\/#primaryimage"},"image":{"@id":"https:\/\/www.alentejovititours.pt\/pt-pt\/blog\/#primaryimage"},"thumbnailUrl":"https:\/\/www.alentejovititours.pt\/wp-content\/uploads\/2024\/09\/blog1-min.jpg","datePublished":"2024-09-17T08:37:02+00:00","dateModified":"2024-09-24T17:11:15+00:00","description":"As a tour operator specialising in the wines of the Alentejo region, we curate exquisite tours that embody the essence of luxury and sustainability.","breadcrumb":{"@id":"https:\/\/www.alentejovititours.pt\/pt-pt\/blog\/#breadcrumb"},"inLanguage":"pt-PT","potentialAction":[{"@type":"ReadAction","target":["https:\/\/www.alentejovititours.pt\/pt-pt\/blog\/"]}]},{"@type":"ImageObject","inLanguage":"pt-PT","@id":"https:\/\/www.alentejovititours.pt\/pt-pt\/blog\/#primaryimage","url":"https:\/\/www.alentejovititours.pt\/wp-content\/uploads\/2024\/09\/blog1-min.jpg","contentUrl":"https:\/\/www.alentejovititours.pt\/wp-content\/uploads\/2024\/09\/blog1-min.jpg"},{"@type":"BreadcrumbList","@id":"https:\/\/www.alentejovititours.pt\/pt-pt\/blog\/#breadcrumb","itemListElement":[{"@type":"ListItem","position":1,"name":"Home","item":"https:\/\/www.alentejovititours.pt\/pt-pt\/"},{"@type":"ListItem","position":2,"name":"Blog"}]},{"@type":"WebSite","@id":"https:\/\/www.alentejovititours.pt\/#website","url":"https:\/\/www.alentejovititours.pt\/","name":"Alentejo Viti Tours","description":"Great Wines. Great times.","publisher":{"@id":"https:\/\/www.alentejovititours.pt\/#organization"},"potentialAction":[{"@type":"SearchAction","target":{"@type":"EntryPoint","urlTemplate":"https:\/\/www.alentejovititours.pt\/?s={search_term_string}"},"query-input":{"@type":"PropertyValueSpecification","valueRequired":true,"valueName":"search_term_string"}}],"inLanguage":"pt-PT"},{"@type":"Organization","@id":"https:\/\/www.alentejovititours.pt\/#organization","name":"Alentejo Viti Tours","url":"https:\/\/www.alentejovititours.pt\/","logo":{"@type":"ImageObject","inLanguage":"pt-PT","@id":"https:\/\/www.alentejovititours.pt\/#\/schema\/logo\/image\/","url":"https:\/\/www.alentejovititours.pt\/wp-content\/uploads\/2024\/09\/sticky_logo.svg","contentUrl":"https:\/\/www.alentejovititours.pt\/wp-content\/uploads\/2024\/09\/sticky_logo.svg","width":1,"height":1,"caption":"Alentejo Viti Tours"},"image":{"@id":"https:\/\/www.alentejovititours.pt\/#\/schema\/logo\/image\/"},"sameAs":["https:\/\/www.facebook.com\/people\/Alentejo-Viti-Tours\/61561221011736\/"]}]}},"_links":{"self":[{"href":"https:\/\/www.alentejovititours.pt\/pt-pt\/wp-json\/wp\/v2\/pages\/1768","targetHints":{"allow":["GET"]}}],"collection":[{"href":"https:\/\/www.alentejovititours.pt\/pt-pt\/wp-json\/wp\/v2\/pages"}],"about":[{"href":"https:\/\/www.alentejovititours.pt\/pt-pt\/wp-json\/wp\/v2\/types\/page"}],"author":[{"embeddable":true,"href":"https:\/\/www.alentejovititours.pt\/pt-pt\/wp-json\/wp\/v2\/users\/1"}],"replies":[{"embeddable":true,"href":"https:\/\/www.alentejovititours.pt\/pt-pt\/wp-json\/wp\/v2\/comments?post=1768"}],"version-history":[{"count":4,"href":"https:\/\/www.alentejovititours.pt\/pt-pt\/wp-json\/wp\/v2\/pages\/1768\/revisions"}],"predecessor-version":[{"id":1825,"href":"https:\/\/www.alentejovititours.pt\/pt-pt\/wp-json\/wp\/v2\/pages\/1768\/revisions\/1825"}],"wp:attachment":[{"href":"https:\/\/www.alentejovititours.pt\/pt-pt\/wp-json\/wp\/v2\/media?parent=1768"}],"curies":[{"name":"wp","href":"https:\/\/api.w.org\/{rel}","templated":true}]}}