{"id":1769,"date":"2024-09-16T16:51:08","date_gmt":"2024-09-16T16:51:08","guid":{"rendered":"https:\/\/www.alentejovititours.pt\/dates-routes-october\/"},"modified":"2024-09-27T10:19:43","modified_gmt":"2024-09-27T10:19:43","slug":"datas-rotas-outubro","status":"publish","type":"page","link":"https:\/\/www.alentejovititours.pt\/pt-pt\/datas-rotas-outubro\/","title":{"rendered":"Datas &#038; Rotas Outubro"},"content":{"rendered":"\t\t<div data-elementor-type=\"wp-page\" data-elementor-id=\"1769\" class=\"elementor elementor-1769 elementor-737\">\n\t\t\t\t<div class=\"elementor-element elementor-element-d9ca59b e-con-full e-flex e-con e-parent\" data-id=\"d9ca59b\" data-element_type=\"container\" data-settings=\"{&quot;background_background&quot;:&quot;classic&quot;,&quot;jet_parallax_layout_list&quot;:[]}\">\n\t\t<div class=\"elementor-element elementor-element-b08c9b8 e-con-full e-flex e-con e-child\" data-id=\"b08c9b8\" data-element_type=\"container\" data-settings=\"{&quot;jet_parallax_layout_list&quot;:[]}\">\n\t\t<div class=\"elementor-element elementor-element-990f89e e-con-full e-flex e-con e-child\" data-id=\"990f89e\" data-element_type=\"container\" data-settings=\"{&quot;jet_parallax_layout_list&quot;:[]}\">\n\t\t\t\t<div class=\"elementor-element elementor-element-36698e3 elementor-widget elementor-widget-heading\" data-id=\"36698e3\" data-element_type=\"widget\" data-widget_type=\"heading.default\">\n\t\t\t\t<div class=\"elementor-widget-container\">\n\t\t\t<h1 class=\"elementor-heading-title elementor-size-default\">Datas &#038; Rotas Outubro<\/h1>\t\t<\/div>\n\t\t\t\t<\/div>\n\t\t\t\t<\/div>\n\t\t<div class=\"elementor-element elementor-element-b23bce3 e-con-full e-flex e-con e-child\" data-id=\"b23bce3\" data-element_type=\"container\" data-settings=\"{&quot;jet_parallax_layout_list&quot;:[]}\">\n\t\t\t\t<div class=\"elementor-element elementor-element-09056d1 elementor-widget elementor-widget-button\" data-id=\"09056d1\" data-element_type=\"widget\" data-widget_type=\"button.default\">\n\t\t\t\t<div class=\"elementor-widget-container\">\n\t\t\t\t\t\t\t<div class=\"elementor-button-wrapper\">\n\t\t\t\t\t<a class=\"elementor-button elementor-button-link elementor-size-sm\" href=\"#explore\">\n\t\t\t\t\t\t<span class=\"elementor-button-content-wrapper\">\n\t\t\t\t\t\t<span class=\"elementor-button-icon\">\n\t\t\t\t<svg xmlns=\"http:\/\/www.w3.org\/2000\/svg\" width=\"14\" height=\"15\" viewBox=\"0 0 14 15\"><path d=\"M6.28125 13.7188L1.28125 8.71875C0.875 8.34375 0.875 7.6875 1.28125 7.3125C1.65625 6.90625 2.3125 6.90625 2.6875 7.3125L6 10.5938V1C6 0.46875 6.4375 0 7 0C7.53125 0 8 0.46875 8 1V10.5938L11.2812 7.3125C11.6562 6.90625 12.3125 6.90625 12.6875 7.3125C13.0938 7.6875 13.0938 8.34375 12.6875 8.71875L7.6875 13.7188C7.3125 14.125 6.65625 14.125 6.28125 13.7188Z\"><\/path><\/svg>\t\t\t<\/span>\n\t\t\t\t\t\t\t\t\t<span class=\"elementor-button-text\">Explore<\/span>\n\t\t\t\t\t<\/span>\n\t\t\t\t\t<\/a>\n\t\t\t\t<\/div>\n\t\t\t\t\t\t<\/div>\n\t\t\t\t<\/div>\n\t\t\t\t<\/div>\n\t\t\t\t<\/div>\n\t\t\t\t<\/div>\n\t\t<div class=\"elementor-element elementor-element-c102765 e-flex e-con-boxed e-con e-parent\" data-id=\"c102765\" data-element_type=\"container\" data-settings=\"{&quot;jet_parallax_layout_list&quot;:[]}\">\n\t\t\t\t\t<div class=\"e-con-inner\">\n\t\t\t\t<div class=\"elementor-element elementor-element-89af580 elementor-widget elementor-widget-heading\" data-id=\"89af580\" data-element_type=\"widget\" data-widget_type=\"heading.default\">\n\t\t\t\t<div class=\"elementor-widget-container\">\n\t\t\t<div class=\"elementor-heading-title elementor-size-default\">Explore os Nossos Tours de Vinhos Exclusivos<\/div>\t\t<\/div>\n\t\t\t\t<\/div>\n\t\t\t\t<div class=\"elementor-element elementor-element-14d2c22 elementor-widget elementor-widget-heading\" data-id=\"14d2c22\" data-element_type=\"widget\" data-widget_type=\"heading.default\">\n\t\t\t\t<div class=\"elementor-widget-container\">\n\t\t\t<h2 class=\"elementor-heading-title elementor-size-default\">Descubra o Seu Pr\u00f3ximo Tour de Vinhos<\/h2>\t\t<\/div>\n\t\t\t\t<\/div>\n\t\t\t\t<div class=\"elementor-element elementor-element-49a8725 elementor-widget elementor-widget-jet-timeline\" data-id=\"49a8725\" data-element_type=\"widget\" data-widget_type=\"jet-timeline.default\">\n\t\t\t\t<div class=\"elementor-widget-container\">\n\t\t\t<div class=\"elementor-jet-timeline jet-elements\"><div class=\"jet-timeline jet-timeline--align-center jet-timeline--align-middle\">\n\t<div class=\"jet-timeline__line\"><div class=\"jet-timeline__line-progress\"><\/div><\/div>\n\t<div class=\"jet-timeline-list\"><div class=\"jet-timeline-item jet-timeline-item--animated elementor-repeater-item-aed4b8d jet-timeline-item--image-inside\">\n\t<div class=\"timeline-item__card\">\n\t\t<div class=\"timeline-item__card-inner\">\n\t\t\t\t\t\t\t\t<div class=\"timeline-item__card-content\">\n\t\t\t\t\t<div class=\"timeline-item__meta\"><div class=\"timeline-item__meta-content\">ROTA DE REDONDO<\/div><\/div><div class=\"timeline-item__card-desc\"><h5 style=\"color:#231F20;\">8 de Outubro<\/h5>\n<p>Herdade do Freixo (visita, prova, almo\u00e7o) e\nCasa Relvas (visita e prova)<\/p>\n<h5 style=\"color:#231F20;\">31 de Outubro<\/h5>\n<p>Herdade do Freixo (visita, prova, almo\u00e7o) e\nCasa Relvas (visita e prova)<\/p>\n<h4 style=\"font-size:26px;font-weight:700;padding-top:20px;color:#58181E;\">200\u20ac<\/h4><\/div>\t\t\t\t<\/div>\n\t\t\t\t\t\t<\/div>\n\t\t<div class=\"timeline-item__card-arrow\"><\/div>\n\t<\/div>\n\t<div class=\"timeline-item__point\"><div class=\"timeline-item__point-content timeline-item__point-content--icon\"><span class=\"jet-elements-icon\"><svg xmlns=\"http:\/\/www.w3.org\/2000\/svg\" width=\"20\" height=\"15\" viewBox=\"0 0 20 15\" fill=\"none\"><path d=\"M2 2.75V5.5H5V2.5H2.25C2.09375 2.5 2 2.625 2 2.75ZM17.0625 5.5L14.5312 2.5H12V5.5H17.0625ZM10 5.5V2.5H7V5.5H10ZM18.5 11.5H18C18 13.1562 16.6562 14.5 15 14.5C13.3438 14.5 12 13.1562 12 11.5H8C8 13.1562 6.65625 14.5 5 14.5C3.34375 14.5 2 13.1562 2 11.5H1.5C0.65625 11.5 0 10.8438 0 10V2.75C0 1.53125 1 0.5 2.25 0.5H6H11H14.5312C15.125 0.5 15.6562 0.78125 16.0625 1.21875L19.5312 5.34375C19.8125 5.6875 20 6.15625 20 6.625V10C20 10.8438 19.3125 11.5 18.5 11.5ZM16.5 11.5C16.5 10.9688 16.1875 10.5 15.75 10.2188C15.2812 9.9375 14.6875 9.9375 14.25 10.2188C13.7812 10.5 13.5 10.9688 13.5 11.5C13.5 12.0625 13.7812 12.5312 14.25 12.8125C14.6875 13.0938 15.2812 13.0938 15.75 12.8125C16.1875 12.5312 16.5 12.0625 16.5 11.5ZM5 13C5.53125 13 6 12.7188 6.28125 12.25C6.5625 11.8125 6.5625 11.2188 6.28125 10.75C6 10.3125 5.53125 10 5 10C4.4375 10 3.96875 10.3125 3.6875 10.75C3.40625 11.2188 3.40625 11.8125 3.6875 12.25C3.96875 12.7188 4.4375 13 5 13Z\" fill=\"white\"><\/path><\/svg><\/span><\/div><\/div><div class=\"timeline-item__meta\"><div class=\"timeline-item__meta-content\">ROTA DE REDONDO<\/div><\/div><\/div><div class=\"jet-timeline-item jet-timeline-item--animated elementor-repeater-item-0888edb jet-timeline-item--image-inside\">\n\t<div class=\"timeline-item__card\">\n\t\t<div class=\"timeline-item__card-inner\">\n\t\t\t\t\t\t\t\t<div class=\"timeline-item__card-content\">\n\t\t\t\t\t<div class=\"timeline-item__meta\"><div class=\"timeline-item__meta-content\">ROTA DE REGUENGOS<\/div><\/div><div class=\"timeline-item__card-desc\"><h5 style=\"color:#231F20;\">11 de Outubro<\/h5>\n<p>Ervideira (visita, prova, almo\u00e7o) e Herdade do\nEspor\u00e3o (visita e prova)<\/p>\n<h5 style=\"color:#231F20;\">22 de Outubro<\/h5>\n<p>Herdade do Espor\u00e3o (visita, prova, almo\u00e7o) e\nErvideira (visita e prova)<\/p>\n<h4 style=\"font-size:26px;font-weight:700;padding-top:20px;color:#58181E;\">220\u20ac<\/h4><\/div>\t\t\t\t<\/div>\n\t\t\t\t\t\t<\/div>\n\t\t<div class=\"timeline-item__card-arrow\"><\/div>\n\t<\/div>\n\t<div class=\"timeline-item__point\"><div class=\"timeline-item__point-content timeline-item__point-content--icon\"><span class=\"jet-elements-icon\"><svg xmlns=\"http:\/\/www.w3.org\/2000\/svg\" width=\"20\" height=\"15\" viewBox=\"0 0 20 15\" fill=\"none\"><path d=\"M2 2.75V5.5H5V2.5H2.25C2.09375 2.5 2 2.625 2 2.75ZM17.0625 5.5L14.5312 2.5H12V5.5H17.0625ZM10 5.5V2.5H7V5.5H10ZM18.5 11.5H18C18 13.1562 16.6562 14.5 15 14.5C13.3438 14.5 12 13.1562 12 11.5H8C8 13.1562 6.65625 14.5 5 14.5C3.34375 14.5 2 13.1562 2 11.5H1.5C0.65625 11.5 0 10.8438 0 10V2.75C0 1.53125 1 0.5 2.25 0.5H6H11H14.5312C15.125 0.5 15.6562 0.78125 16.0625 1.21875L19.5312 5.34375C19.8125 5.6875 20 6.15625 20 6.625V10C20 10.8438 19.3125 11.5 18.5 11.5ZM16.5 11.5C16.5 10.9688 16.1875 10.5 15.75 10.2188C15.2812 9.9375 14.6875 9.9375 14.25 10.2188C13.7812 10.5 13.5 10.9688 13.5 11.5C13.5 12.0625 13.7812 12.5312 14.25 12.8125C14.6875 13.0938 15.2812 13.0938 15.75 12.8125C16.1875 12.5312 16.5 12.0625 16.5 11.5ZM5 13C5.53125 13 6 12.7188 6.28125 12.25C6.5625 11.8125 6.5625 11.2188 6.28125 10.75C6 10.3125 5.53125 10 5 10C4.4375 10 3.96875 10.3125 3.6875 10.75C3.40625 11.2188 3.40625 11.8125 3.6875 12.25C3.96875 12.7188 4.4375 13 5 13Z\" fill=\"white\"><\/path><\/svg><\/span><\/div><\/div><div class=\"timeline-item__meta\"><div class=\"timeline-item__meta-content\">ROTA DE REGUENGOS<\/div><\/div><\/div><div class=\"jet-timeline-item jet-timeline-item--animated elementor-repeater-item-5ef758f jet-timeline-item--image-inside\">\n\t<div class=\"timeline-item__card\">\n\t\t<div class=\"timeline-item__card-inner\">\n\t\t\t\t\t\t\t\t<div class=\"timeline-item__card-content\">\n\t\t\t\t\t<div class=\"timeline-item__meta\"><div class=\"timeline-item__meta-content\">ROTA DA VIDIGUEIRA<\/div><\/div><div class=\"timeline-item__card-desc\"><h5 style=\"color:#231F20;\">18 de Outubro<\/h5>\n<p>Quinta do Quetzal (visita, prova e almo\u00e7o)\ne Gera\u00e7\u00f5es da Talha (visita, prova e visita\nao\nCentro Interpretativo do Vinho da Talha)<\/p>\n<h5 style=\"color:#231F20;\">30 de Outubro<\/h5>\n<p>Gera\u00e7\u00f5es da Talha (visita, prova, almo\u00e7o e\nvisita ao Centro Interpretativo do Vinho da\nTalha) e Quinta do Quetzal (visita e prova)<\/p>\n<h4 style=\"font-size:26px;font-weight:700;padding-top:20px;color:#58181E;\">220\u20ac<\/h4><\/div>\t\t\t\t<\/div>\n\t\t\t\t\t\t<\/div>\n\t\t<div class=\"timeline-item__card-arrow\"><\/div>\n\t<\/div>\n\t<div class=\"timeline-item__point\"><div class=\"timeline-item__point-content timeline-item__point-content--icon\"><span class=\"jet-elements-icon\"><svg xmlns=\"http:\/\/www.w3.org\/2000\/svg\" width=\"20\" height=\"15\" viewBox=\"0 0 20 15\" fill=\"none\"><path d=\"M2 2.75V5.5H5V2.5H2.25C2.09375 2.5 2 2.625 2 2.75ZM17.0625 5.5L14.5312 2.5H12V5.5H17.0625ZM10 5.5V2.5H7V5.5H10ZM18.5 11.5H18C18 13.1562 16.6562 14.5 15 14.5C13.3438 14.5 12 13.1562 12 11.5H8C8 13.1562 6.65625 14.5 5 14.5C3.34375 14.5 2 13.1562 2 11.5H1.5C0.65625 11.5 0 10.8438 0 10V2.75C0 1.53125 1 0.5 2.25 0.5H6H11H14.5312C15.125 0.5 15.6562 0.78125 16.0625 1.21875L19.5312 5.34375C19.8125 5.6875 20 6.15625 20 6.625V10C20 10.8438 19.3125 11.5 18.5 11.5ZM16.5 11.5C16.5 10.9688 16.1875 10.5 15.75 10.2188C15.2812 9.9375 14.6875 9.9375 14.25 10.2188C13.7812 10.5 13.5 10.9688 13.5 11.5C13.5 12.0625 13.7812 12.5312 14.25 12.8125C14.6875 13.0938 15.2812 13.0938 15.75 12.8125C16.1875 12.5312 16.5 12.0625 16.5 11.5ZM5 13C5.53125 13 6 12.7188 6.28125 12.25C6.5625 11.8125 6.5625 11.2188 6.28125 10.75C6 10.3125 5.53125 10 5 10C4.4375 10 3.96875 10.3125 3.6875 10.75C3.40625 11.2188 3.40625 11.8125 3.6875 12.25C3.96875 12.7188 4.4375 13 5 13Z\" fill=\"white\"><\/path><\/svg><\/span><\/div><\/div><div class=\"timeline-item__meta\"><div class=\"timeline-item__meta-content\">ROTA DA VIDIGUEIRA<\/div><\/div><\/div><div class=\"jet-timeline-item jet-timeline-item--animated elementor-repeater-item-2a581ef jet-timeline-item--image-inside\">\n\t<div class=\"timeline-item__card\">\n\t\t<div class=\"timeline-item__card-inner\">\n\t\t\t\t\t\t\t\t<div class=\"timeline-item__card-content\">\n\t\t\t\t\t<div class=\"timeline-item__meta\"><div class=\"timeline-item__meta-content\">ROTA DE ESTREMOZ<\/div><\/div><div class=\"timeline-item__card-desc\"><h5 style=\"color:#231F20;\">25 de Outubro<\/h5>\n<p>Jo\u00e3o Portugal Ramos (visita, prova e almo\u00e7o) e\nTiago Caba\u00e7o (visita e prova)<\/p>\n<h4 style=\"font-size:26px;font-weight:700;padding-top:20px;color:#58181E;\">220\u20ac<\/h4><\/div>\t\t\t\t<\/div>\n\t\t\t\t\t\t<\/div>\n\t\t<div class=\"timeline-item__card-arrow\"><\/div>\n\t<\/div>\n\t<div class=\"timeline-item__point\"><div class=\"timeline-item__point-content timeline-item__point-content--icon\"><span class=\"jet-elements-icon\"><svg xmlns=\"http:\/\/www.w3.org\/2000\/svg\" width=\"20\" height=\"15\" viewBox=\"0 0 20 15\" fill=\"none\"><path d=\"M2 2.75V5.5H5V2.5H2.25C2.09375 2.5 2 2.625 2 2.75ZM17.0625 5.5L14.5312 2.5H12V5.5H17.0625ZM10 5.5V2.5H7V5.5H10ZM18.5 11.5H18C18 13.1562 16.6562 14.5 15 14.5C13.3438 14.5 12 13.1562 12 11.5H8C8 13.1562 6.65625 14.5 5 14.5C3.34375 14.5 2 13.1562 2 11.5H1.5C0.65625 11.5 0 10.8438 0 10V2.75C0 1.53125 1 0.5 2.25 0.5H6H11H14.5312C15.125 0.5 15.6562 0.78125 16.0625 1.21875L19.5312 5.34375C19.8125 5.6875 20 6.15625 20 6.625V10C20 10.8438 19.3125 11.5 18.5 11.5ZM16.5 11.5C16.5 10.9688 16.1875 10.5 15.75 10.2188C15.2812 9.9375 14.6875 9.9375 14.25 10.2188C13.7812 10.5 13.5 10.9688 13.5 11.5C13.5 12.0625 13.7812 12.5312 14.25 12.8125C14.6875 13.0938 15.2812 13.0938 15.75 12.8125C16.1875 12.5312 16.5 12.0625 16.5 11.5ZM5 13C5.53125 13 6 12.7188 6.28125 12.25C6.5625 11.8125 6.5625 11.2188 6.28125 10.75C6 10.3125 5.53125 10 5 10C4.4375 10 3.96875 10.3125 3.6875 10.75C3.40625 11.2188 3.40625 11.8125 3.6875 12.25C3.96875 12.7188 4.4375 13 5 13Z\" fill=\"white\"><\/path><\/svg><\/span><\/div><\/div><div class=\"timeline-item__meta\"><div class=\"timeline-item__meta-content\">ROTA DE ESTREMOZ<\/div><\/div><\/div><div class=\"jet-timeline-item jet-timeline-item--animated elementor-repeater-item-825a21e jet-timeline-item--image-inside\">\n\t<div class=\"timeline-item__card\">\n\t\t<div class=\"timeline-item__card-inner\">\n\t\t\t\t\t\t\t\t<div class=\"timeline-item__card-content\">\n\t\t\t\t\t<div class=\"timeline-item__meta\"><div class=\"timeline-item__meta-content\">ROTA DE ARRAIOLOS<\/div><\/div><div class=\"timeline-item__card-desc\"><h5 style=\"color:#231F20;\">15 de Outubro<\/h5>\n<p>Tapada de Coelheiros (visita, prova e\nalmo\u00e7o) e Mai Nova (visita e prova)<\/p>\n<h5 style=\"color:#231F20;\">29 de Outubro<\/h5>\n<p>Tapada de Coelheiros (visita, prova e\nalmo\u00e7o) e Mai Nova (visita e prova)<\/p>\n<h4 style=\"font-size:26px;font-weight:700;padding-top:20px;color:#58181E;\">240\u20ac<\/h4><\/div>\t\t\t\t<\/div>\n\t\t\t\t\t\t<\/div>\n\t\t<div class=\"timeline-item__card-arrow\"><\/div>\n\t<\/div>\n\t<div class=\"timeline-item__point\"><div class=\"timeline-item__point-content timeline-item__point-content--icon\"><span class=\"jet-elements-icon\"><svg xmlns=\"http:\/\/www.w3.org\/2000\/svg\" width=\"20\" height=\"15\" viewBox=\"0 0 20 15\" fill=\"none\"><path d=\"M2 2.75V5.5H5V2.5H2.25C2.09375 2.5 2 2.625 2 2.75ZM17.0625 5.5L14.5312 2.5H12V5.5H17.0625ZM10 5.5V2.5H7V5.5H10ZM18.5 11.5H18C18 13.1562 16.6562 14.5 15 14.5C13.3438 14.5 12 13.1562 12 11.5H8C8 13.1562 6.65625 14.5 5 14.5C3.34375 14.5 2 13.1562 2 11.5H1.5C0.65625 11.5 0 10.8438 0 10V2.75C0 1.53125 1 0.5 2.25 0.5H6H11H14.5312C15.125 0.5 15.6562 0.78125 16.0625 1.21875L19.5312 5.34375C19.8125 5.6875 20 6.15625 20 6.625V10C20 10.8438 19.3125 11.5 18.5 11.5ZM16.5 11.5C16.5 10.9688 16.1875 10.5 15.75 10.2188C15.2812 9.9375 14.6875 9.9375 14.25 10.2188C13.7812 10.5 13.5 10.9688 13.5 11.5C13.5 12.0625 13.7812 12.5312 14.25 12.8125C14.6875 13.0938 15.2812 13.0938 15.75 12.8125C16.1875 12.5312 16.5 12.0625 16.5 11.5ZM5 13C5.53125 13 6 12.7188 6.28125 12.25C6.5625 11.8125 6.5625 11.2188 6.28125 10.75C6 10.3125 5.53125 10 5 10C4.4375 10 3.96875 10.3125 3.6875 10.75C3.40625 11.2188 3.40625 11.8125 3.6875 12.25C3.96875 12.7188 4.4375 13 5 13Z\" fill=\"white\"><\/path><\/svg><\/span><\/div><\/div><div class=\"timeline-item__meta\"><div class=\"timeline-item__meta-content\">ROTA DE ARRAIOLOS<\/div><\/div><\/div><\/div><\/div><\/div>\t\t<\/div>\n\t\t\t\t<\/div>\n\t\t\t\t\t<\/div>\n\t\t\t\t<\/div>\n\t\t<div class=\"elementor-element elementor-element-aa7c9b0 e-flex e-con-boxed e-con e-child\" data-id=\"aa7c9b0\" data-element_type=\"container\" data-settings=\"{&quot;jet_parallax_layout_list&quot;:[]}\">\n\t\t\t\t\t<div class=\"e-con-inner\">\n\t\t\t\t<div class=\"elementor-element elementor-element-9b13ca7 elementor-widget elementor-widget-button\" data-id=\"9b13ca7\" data-element_type=\"widget\" data-widget_type=\"button.default\">\n\t\t\t\t<div class=\"elementor-widget-container\">\n\t\t\t\t\t\t\t<div class=\"elementor-button-wrapper\">\n\t\t\t\t\t<a class=\"elementor-button elementor-button-link elementor-size-sm\" href=\"\/pt-pt\/datas-rotas-novembro\/\">\n\t\t\t\t\t\t<span class=\"elementor-button-content-wrapper\">\n\t\t\t\t\t\t\t\t\t<span class=\"elementor-button-text\">Tours Novembro<\/span>\n\t\t\t\t\t<\/span>\n\t\t\t\t\t<\/a>\n\t\t\t\t<\/div>\n\t\t\t\t\t\t<\/div>\n\t\t\t\t<\/div>\n\t\t\t\t<div class=\"elementor-element elementor-element-b833076 elementor-widget elementor-widget-button\" data-id=\"b833076\" data-element_type=\"widget\" data-widget_type=\"button.default\">\n\t\t\t\t<div class=\"elementor-widget-container\">\n\t\t\t\t\t\t\t<div class=\"elementor-button-wrapper\">\n\t\t\t\t\t<a class=\"elementor-button elementor-button-link elementor-size-sm\" href=\"\/pt-pt\/datas-rotas-dezembro\/\">\n\t\t\t\t\t\t<span class=\"elementor-button-content-wrapper\">\n\t\t\t\t\t\t\t\t\t<span class=\"elementor-button-text\">Tours Dezembro<\/span>\n\t\t\t\t\t<\/span>\n\t\t\t\t\t<\/a>\n\t\t\t\t<\/div>\n\t\t\t\t\t\t<\/div>\n\t\t\t\t<\/div>\n\t\t\t\t\t<\/div>\n\t\t\t\t<\/div>\n\t\t\t\t<\/div>\n\t\t","protected":false},"excerpt":{"rendered":"<p>Explore Explore os Nossos Tours de Vinhos Exclusivos Descubra o Seu Pr\u00f3ximo Tour de Vinhos ROTA DE REDONDO 8 de Outubro Herdade do Freixo (visita, prova, almo\u00e7o) e Casa Relvas (visita e prova) 31 de Outubro Herdade do Freixo (visita, prova, almo\u00e7o) e Casa Relvas (visita e prova) 200\u20ac ROTA DE REDONDO ROTA DE REGUENGOS [&hellip;]<\/p>\n","protected":false},"author":1,"featured_media":0,"parent":0,"menu_order":0,"comment_status":"closed","ping_status":"closed","template":"full-width.php","meta":{"_acf_changed":false,"footnotes":""},"class_list":["post-1769","page","type-page","status-publish","hentry"],"acf":[],"yoast_head":"<!-- This site is optimized with the Yoast SEO plugin v27.4 - https:\/\/yoast.com\/product\/yoast-seo-wordpress\/ -->\n<title>Datas &amp; Rotas Outubro - Alentejo Viti Tours<\/title>\n<meta name=\"description\" content=\"As a tour operator specialising in the wines of the Alentejo region, we curate exquisite tours that embody the essence of luxury and sustainability.\" \/>\n<meta name=\"robots\" content=\"index, follow, max-snippet:-1, max-image-preview:large, max-video-preview:-1\" \/>\n<link rel=\"canonical\" href=\"https:\/\/www.alentejovititours.pt\/pt-pt\/datas-rotas-outubro\/\" \/>\n<meta property=\"og:locale\" content=\"pt_PT\" \/>\n<meta property=\"og:type\" content=\"article\" \/>\n<meta property=\"og:title\" content=\"Datas &amp; Rotas Outubro - Alentejo Viti Tours\" \/>\n<meta property=\"og:description\" content=\"As a tour operator specialising in the wines of the Alentejo region, we curate exquisite tours that embody the essence of luxury and sustainability.\" \/>\n<meta property=\"og:url\" content=\"https:\/\/www.alentejovititours.pt\/pt-pt\/datas-rotas-outubro\/\" \/>\n<meta property=\"og:site_name\" content=\"Alentejo Viti Tours\" \/>\n<meta property=\"article:publisher\" content=\"https:\/\/www.facebook.com\/people\/Alentejo-Viti-Tours\/61561221011736\/\" \/>\n<meta property=\"article:modified_time\" content=\"2024-09-27T10:19:43+00:00\" \/>\n<meta property=\"og:image\" content=\"https:\/\/www.alentejovititours.pt\/wp-content\/uploads\/2024\/09\/VitiTours_pagina_inicial-e1727281806508.jpg\" \/>\n\t<meta property=\"og:image:width\" content=\"1933\" \/>\n\t<meta property=\"og:image:height\" content=\"1080\" \/>\n\t<meta property=\"og:image:type\" content=\"image\/jpeg\" \/>\n<meta name=\"twitter:card\" content=\"summary_large_image\" \/>\n<meta name=\"twitter:label1\" content=\"Tempo estimado de leitura\" \/>\n\t<meta name=\"twitter:data1\" content=\"1 minuto\" \/>\n<script type=\"application\/ld+json\" class=\"yoast-schema-graph\">{\"@context\":\"https:\\\/\\\/schema.org\",\"@graph\":[{\"@type\":\"WebPage\",\"@id\":\"https:\\\/\\\/www.alentejovititours.pt\\\/pt-pt\\\/datas-rotas-outubro\\\/\",\"url\":\"https:\\\/\\\/www.alentejovititours.pt\\\/pt-pt\\\/datas-rotas-outubro\\\/\",\"name\":\"Datas & Rotas Outubro - Alentejo Viti Tours\",\"isPartOf\":{\"@id\":\"https:\\\/\\\/www.alentejovititours.pt\\\/#website\"},\"datePublished\":\"2024-09-16T16:51:08+00:00\",\"dateModified\":\"2024-09-27T10:19:43+00:00\",\"description\":\"As a tour operator specialising in the wines of the Alentejo region, we curate exquisite tours that embody the essence of luxury and sustainability.\",\"breadcrumb\":{\"@id\":\"https:\\\/\\\/www.alentejovititours.pt\\\/pt-pt\\\/datas-rotas-outubro\\\/#breadcrumb\"},\"inLanguage\":\"pt-PT\",\"potentialAction\":[{\"@type\":\"ReadAction\",\"target\":[\"https:\\\/\\\/www.alentejovititours.pt\\\/pt-pt\\\/datas-rotas-outubro\\\/\"]}]},{\"@type\":\"BreadcrumbList\",\"@id\":\"https:\\\/\\\/www.alentejovititours.pt\\\/pt-pt\\\/datas-rotas-outubro\\\/#breadcrumb\",\"itemListElement\":[{\"@type\":\"ListItem\",\"position\":1,\"name\":\"Home\",\"item\":\"https:\\\/\\\/www.alentejovititours.pt\\\/pt-pt\\\/\"},{\"@type\":\"ListItem\",\"position\":2,\"name\":\"Datas &#038; Rotas Outubro\"}]},{\"@type\":\"WebSite\",\"@id\":\"https:\\\/\\\/www.alentejovititours.pt\\\/#website\",\"url\":\"https:\\\/\\\/www.alentejovititours.pt\\\/\",\"name\":\"Alentejo Viti Tours\",\"description\":\"Great Wines. Great times.\",\"publisher\":{\"@id\":\"https:\\\/\\\/www.alentejovititours.pt\\\/#organization\"},\"potentialAction\":[{\"@type\":\"SearchAction\",\"target\":{\"@type\":\"EntryPoint\",\"urlTemplate\":\"https:\\\/\\\/www.alentejovititours.pt\\\/?s={search_term_string}\"},\"query-input\":{\"@type\":\"PropertyValueSpecification\",\"valueRequired\":true,\"valueName\":\"search_term_string\"}}],\"inLanguage\":\"pt-PT\"},{\"@type\":\"Organization\",\"@id\":\"https:\\\/\\\/www.alentejovititours.pt\\\/#organization\",\"name\":\"Alentejo Viti Tours\",\"url\":\"https:\\\/\\\/www.alentejovititours.pt\\\/\",\"logo\":{\"@type\":\"ImageObject\",\"inLanguage\":\"pt-PT\",\"@id\":\"https:\\\/\\\/www.alentejovititours.pt\\\/#\\\/schema\\\/logo\\\/image\\\/\",\"url\":\"https:\\\/\\\/www.alentejovititours.pt\\\/wp-content\\\/uploads\\\/2024\\\/09\\\/sticky_logo.svg\",\"contentUrl\":\"https:\\\/\\\/www.alentejovititours.pt\\\/wp-content\\\/uploads\\\/2024\\\/09\\\/sticky_logo.svg\",\"width\":1,\"height\":1,\"caption\":\"Alentejo Viti Tours\"},\"image\":{\"@id\":\"https:\\\/\\\/www.alentejovititours.pt\\\/#\\\/schema\\\/logo\\\/image\\\/\"},\"sameAs\":[\"https:\\\/\\\/www.facebook.com\\\/people\\\/Alentejo-Viti-Tours\\\/61561221011736\\\/\"]}]}<\/script>\n<!-- \/ Yoast SEO plugin. -->","yoast_head_json":{"title":"Datas & Rotas Outubro - Alentejo Viti Tours","description":"As a tour operator specialising in the wines of the Alentejo region, we curate exquisite tours that embody the essence of luxury and sustainability.","robots":{"index":"index","follow":"follow","max-snippet":"max-snippet:-1","max-image-preview":"max-image-preview:large","max-video-preview":"max-video-preview:-1"},"canonical":"https:\/\/www.alentejovititours.pt\/pt-pt\/datas-rotas-outubro\/","og_locale":"pt_PT","og_type":"article","og_title":"Datas & Rotas Outubro - Alentejo Viti Tours","og_description":"As a tour operator specialising in the wines of the Alentejo region, we curate exquisite tours that embody the essence of luxury and sustainability.","og_url":"https:\/\/www.alentejovititours.pt\/pt-pt\/datas-rotas-outubro\/","og_site_name":"Alentejo Viti Tours","article_publisher":"https:\/\/www.facebook.com\/people\/Alentejo-Viti-Tours\/61561221011736\/","article_modified_time":"2024-09-27T10:19:43+00:00","og_image":[{"width":1933,"height":1080,"url":"https:\/\/www.alentejovititours.pt\/wp-content\/uploads\/2024\/09\/VitiTours_pagina_inicial-e1727281806508.jpg","type":"image\/jpeg"}],"twitter_card":"summary_large_image","twitter_misc":{"Tempo estimado de leitura":"1 minuto"},"schema":{"@context":"https:\/\/schema.org","@graph":[{"@type":"WebPage","@id":"https:\/\/www.alentejovititours.pt\/pt-pt\/datas-rotas-outubro\/","url":"https:\/\/www.alentejovititours.pt\/pt-pt\/datas-rotas-outubro\/","name":"Datas & Rotas Outubro - Alentejo Viti Tours","isPartOf":{"@id":"https:\/\/www.alentejovititours.pt\/#website"},"datePublished":"2024-09-16T16:51:08+00:00","dateModified":"2024-09-27T10:19:43+00:00","description":"As a tour operator specialising in the wines of the Alentejo region, we curate exquisite tours that embody the essence of luxury and sustainability.","breadcrumb":{"@id":"https:\/\/www.alentejovititours.pt\/pt-pt\/datas-rotas-outubro\/#breadcrumb"},"inLanguage":"pt-PT","potentialAction":[{"@type":"ReadAction","target":["https:\/\/www.alentejovititours.pt\/pt-pt\/datas-rotas-outubro\/"]}]},{"@type":"BreadcrumbList","@id":"https:\/\/www.alentejovititours.pt\/pt-pt\/datas-rotas-outubro\/#breadcrumb","itemListElement":[{"@type":"ListItem","position":1,"name":"Home","item":"https:\/\/www.alentejovititours.pt\/pt-pt\/"},{"@type":"ListItem","position":2,"name":"Datas &#038; Rotas Outubro"}]},{"@type":"WebSite","@id":"https:\/\/www.alentejovititours.pt\/#website","url":"https:\/\/www.alentejovititours.pt\/","name":"Alentejo Viti Tours","description":"Great Wines. Great times.","publisher":{"@id":"https:\/\/www.alentejovititours.pt\/#organization"},"potentialAction":[{"@type":"SearchAction","target":{"@type":"EntryPoint","urlTemplate":"https:\/\/www.alentejovititours.pt\/?s={search_term_string}"},"query-input":{"@type":"PropertyValueSpecification","valueRequired":true,"valueName":"search_term_string"}}],"inLanguage":"pt-PT"},{"@type":"Organization","@id":"https:\/\/www.alentejovititours.pt\/#organization","name":"Alentejo Viti Tours","url":"https:\/\/www.alentejovititours.pt\/","logo":{"@type":"ImageObject","inLanguage":"pt-PT","@id":"https:\/\/www.alentejovititours.pt\/#\/schema\/logo\/image\/","url":"https:\/\/www.alentejovititours.pt\/wp-content\/uploads\/2024\/09\/sticky_logo.svg","contentUrl":"https:\/\/www.alentejovititours.pt\/wp-content\/uploads\/2024\/09\/sticky_logo.svg","width":1,"height":1,"caption":"Alentejo Viti Tours"},"image":{"@id":"https:\/\/www.alentejovititours.pt\/#\/schema\/logo\/image\/"},"sameAs":["https:\/\/www.facebook.com\/people\/Alentejo-Viti-Tours\/61561221011736\/"]}]}},"_links":{"self":[{"href":"https:\/\/www.alentejovititours.pt\/pt-pt\/wp-json\/wp\/v2\/pages\/1769","targetHints":{"allow":["GET"]}}],"collection":[{"href":"https:\/\/www.alentejovititours.pt\/pt-pt\/wp-json\/wp\/v2\/pages"}],"about":[{"href":"https:\/\/www.alentejovititours.pt\/pt-pt\/wp-json\/wp\/v2\/types\/page"}],"author":[{"embeddable":true,"href":"https:\/\/www.alentejovititours.pt\/pt-pt\/wp-json\/wp\/v2\/users\/1"}],"replies":[{"embeddable":true,"href":"https:\/\/www.alentejovititours.pt\/pt-pt\/wp-json\/wp\/v2\/comments?post=1769"}],"version-history":[{"count":10,"href":"https:\/\/www.alentejovititours.pt\/pt-pt\/wp-json\/wp\/v2\/pages\/1769\/revisions"}],"predecessor-version":[{"id":2298,"href":"https:\/\/www.alentejovititours.pt\/pt-pt\/wp-json\/wp\/v2\/pages\/1769\/revisions\/2298"}],"wp:attachment":[{"href":"https:\/\/www.alentejovititours.pt\/pt-pt\/wp-json\/wp\/v2\/media?parent=1769"}],"curies":[{"name":"wp","href":"https:\/\/api.w.org\/{rel}","templated":true}]}}